{"id":40743,"date":"2025-01-28T17:40:59","date_gmt":"2025-01-28T15:40:59","guid":{"rendered":"https:\/\/fifaa.ee\/?post_type=product&#038;p=40743"},"modified":"2026-04-01T20:45:45","modified_gmt":"2026-04-01T17:45:45","slug":"vinga-erie-rcs-taaskasutatud-lemmiklooma-pudel-575-ml","status":"publish","type":"product","link":"https:\/\/fifaa.ee\/en\/product\/vinga-erie-rcs-taaskasutatud-lemmiklooma-pudel-575-ml\/","title":{"rendered":"VINGA Erie RCS recycled pet bottle 575 ML"},"content":{"rendered":"<p>Designed for style and comfort, our unique conical drinking cups feature a grip-friendly lid and an ergonomic shape that makes them easy to hold. The RCS-certified recycled PET body demonstrates a commitment to responsible material sourcing, as the 66%\u2019s recycled content is based on the total weight of the product. The innovative design provides increased stability and a visually appealing appearance. This practical drinking cup solution will appeal to those who value smart design and a conscious approach to materials. FSC\u00ae-certified kraft packaging included.<\/p>","protected":false},"excerpt":{"rendered":"<p>Meie unikaalsed koonusekujulised joogin\u00f5ud, mis on loodud stiilseks ja mugavuseks, on haardes\u00f5braliku kaanega ja ergonoomilise kujuga, mis h\u00f5lbustab k\u00e4es hoidmist. RCS-sertifikaadiga ringlussev\u00f5etud PET-kere n\u00e4itab p\u00fchendumust vastutustundlikule materjali hankimisele, kuna 66% ringlussev\u00f5etud sisaldus p\u00f5hineb toote kogukaalul. Uuenduslik disain tagab suurema stabiilsuse ja visuaalselt atraktiivse v\u00e4limuse. See praktiline joogin\u00f5ude lahendus meeldib neile, kes hindavad nutikat disaini ja [&hellip;]<\/p>\n","protected":false},"featured_media":40760,"template":"","meta":{"_acf_changed":false},"product_brand":[],"product_cat":[566,567],"product_tag":[659],"class_list":{"0":"post-40743","1":"product","2":"type-product","3":"status-publish","4":"has-post-thumbnail","6":"product_cat-jooginoud","7":"product_cat-veepudelid","8":"product_tag-more-colors","9":"pa_varv-hall","10":"pa_varv-must","11":"pa_varv-roheline","12":"pa_varv-sinine","14":"first","15":"instock","16":"taxable","17":"shipping-taxable","18":"purchasable","19":"product-type-variable","20":"has-default-attributes"},"acf":[],"_links":{"self":[{"href":"https:\/\/fifaa.ee\/en\/wp-json\/wp\/v2\/product\/40743","targetHints":{"allow":["GET"]}}],"collection":[{"href":"https:\/\/fifaa.ee\/en\/wp-json\/wp\/v2\/product"}],"about":[{"href":"https:\/\/fifaa.ee\/en\/wp-json\/wp\/v2\/types\/product"}],"wp:featuredmedia":[{"embeddable":true,"href":"https:\/\/fifaa.ee\/en\/wp-json\/wp\/v2\/media\/40760"}],"wp:attachment":[{"href":"https:\/\/fifaa.ee\/en\/wp-json\/wp\/v2\/media?parent=40743"}],"wp:term":[{"taxonomy":"product_brand","embeddable":true,"href":"https:\/\/fifaa.ee\/en\/wp-json\/wp\/v2\/product_brand?post=40743"},{"taxonomy":"product_cat","embeddable":true,"href":"https:\/\/fifaa.ee\/en\/wp-json\/wp\/v2\/product_cat?post=40743"},{"taxonomy":"product_tag","embeddable":true,"href":"https:\/\/fifaa.ee\/en\/wp-json\/wp\/v2\/product_tag?post=40743"}],"curies":[{"name":"wp","href":"https:\/\/api.w.org\/{rel}","templated":true}]}}