{"id":40744,"date":"2025-01-28T17:40:59","date_gmt":"2025-01-28T15:40:59","guid":{"rendered":"https:\/\/fifaa.ee\/?post_type=product&#038;p=40744"},"modified":"2026-04-01T20:46:10","modified_gmt":"2026-04-01T17:46:10","slug":"vinga-lean-rcs-veepudel-800-ml","status":"publish","type":"product","link":"https:\/\/fifaa.ee\/en\/product\/vinga-lean-rcs-veepudel-800-ml\/","title":{"rendered":"VINGA Lean RCS water bottle 800 ML"},"content":{"rendered":"<p>The water bottle is made from BPA-free RCS-certified recycled PET. With a large 800 ml capacity, the bottle is ideal for training, travelling or when you need extra hydration. The loop also doubles as a convenient handle, perfect for on-the-go or hanging from your workout gear. The ideal shape allows it to fit in most cup holders. Suitable for cold drinks only. Hand wash only. RCS (Recycled Claim Standard) certified certification ensures that the entire supply chain of recycled materials is verified. The product contains 68% RCS-certified recycled PET.<\/p>","protected":false},"excerpt":{"rendered":"<p>Veepudel on valmistatud BPA-vabast RCS-sertifikaadiga taaskasutatud PET-st. Suure 800 ml mahutavusega pudel on ideaalne treeninguteks, reisimiseks v\u00f5i siis, kui vajate t\u00e4iendavat niisutust. Aas toimib ka mugava k\u00e4epidemena, mis sobib ideaalselt liikvel olles v\u00f5i treeningvarustuse k\u00fcljes riputamiseks. Ideaalne kuju v\u00f5imaldab sellel mahtuda enamikesse topsihoidjatesse. Sobib eranditult k\u00fclmadele jookidele. Ainult k\u00e4sipesu. RCS-i (Recycled Claim Standard) sertifitseeritud sertifikaat [&hellip;]<\/p>\n","protected":false},"featured_media":40770,"template":"","meta":{"_acf_changed":false},"product_brand":[],"product_cat":[566,567],"product_tag":[659],"class_list":{"0":"post-40744","1":"product","2":"type-product","3":"status-publish","4":"has-post-thumbnail","6":"product_cat-jooginoud","7":"product_cat-veepudelid","8":"product_tag-more-colors","9":"pa_varv-hall","10":"pa_varv-roheline","11":"pa_varv-sinine","13":"first","14":"instock","15":"taxable","16":"shipping-taxable","17":"purchasable","18":"product-type-variable","19":"has-default-attributes"},"acf":[],"_links":{"self":[{"href":"https:\/\/fifaa.ee\/en\/wp-json\/wp\/v2\/product\/40744","targetHints":{"allow":["GET"]}}],"collection":[{"href":"https:\/\/fifaa.ee\/en\/wp-json\/wp\/v2\/product"}],"about":[{"href":"https:\/\/fifaa.ee\/en\/wp-json\/wp\/v2\/types\/product"}],"wp:featuredmedia":[{"embeddable":true,"href":"https:\/\/fifaa.ee\/en\/wp-json\/wp\/v2\/media\/40770"}],"wp:attachment":[{"href":"https:\/\/fifaa.ee\/en\/wp-json\/wp\/v2\/media?parent=40744"}],"wp:term":[{"taxonomy":"product_brand","embeddable":true,"href":"https:\/\/fifaa.ee\/en\/wp-json\/wp\/v2\/product_brand?post=40744"},{"taxonomy":"product_cat","embeddable":true,"href":"https:\/\/fifaa.ee\/en\/wp-json\/wp\/v2\/product_cat?post=40744"},{"taxonomy":"product_tag","embeddable":true,"href":"https:\/\/fifaa.ee\/en\/wp-json\/wp\/v2\/product_tag?post=40744"}],"curies":[{"name":"wp","href":"https:\/\/api.w.org\/{rel}","templated":true}]}}