{"id":40745,"date":"2025-01-28T17:40:59","date_gmt":"2025-01-28T15:40:59","guid":{"rendered":"https:\/\/fifaa.ee\/?post_type=product&#038;p=40745"},"modified":"2026-04-01T20:46:37","modified_gmt":"2026-04-01T17:46:37","slug":"vinga-nagano-puhas-rcs-kruus","status":"publish","type":"product","link":"https:\/\/fifaa.ee\/en\/product\/vinga-nagano-puhas-rcs-kruus\/","title":{"rendered":"VINGA Nagano pure RCS mug"},"content":{"rendered":"<p>Enhance your coffee or tea with the Nagano Pure Mug, thoughtfully crafted from partially recycled clay. This mug combines simplicity with a modern twist, embodying the essence of Scandinavian design. Its stackable design ensures efficient use of space, making it a practical addition to any kitchen. With a comfortable handle that fits perfectly in the hand. RCS (Recycled Claim Standard), the RCS certification guarantees that the entire recycled material supply chain is certified. The total recycled content is based on the total weight of the product. The total recycled content is based on the total weight of the product. This product contains 10% RCS-certified recycled clay.<\/p>","protected":false},"excerpt":{"rendered":"<p>Suurendage oma kohvi v\u00f5i teed Nagano puhta kruusiga, mis on l\u00e4bim\u00f5eldult valmistatud osaliselt taaskasutatud savist. See kruus \u00fchendab lihtsuse moodsa vimkaga, kehastades Skandinaavia disaini olemust. Selle virnastatav disain tagab t\u00f5husa ruumikasutuse, muutes selle praktiliseks lisandiks igasse k\u00f6\u00f6ki. Mugava k\u00e4epidemega, mis sobib ideaalselt k\u00e4tte. RCS (Recycled Claim Standard), RCS-sertifikaat garanteerib, et kogu taaskasutatud materjalide tarneahel on [&hellip;]<\/p>\n","protected":false},"featured_media":40780,"template":"","meta":{"_acf_changed":false},"product_brand":[],"product_cat":[213],"product_tag":[659],"class_list":{"0":"post-40745","1":"product","2":"type-product","3":"status-publish","4":"has-post-thumbnail","6":"product_cat-kodu","7":"product_tag-more-colors","8":"pa_varv-beez","9":"pa_varv-must","10":"pa_varv-valge-new","12":"first","13":"instock","14":"taxable","15":"shipping-taxable","16":"purchasable","17":"product-type-variable","18":"has-default-attributes"},"acf":[],"_links":{"self":[{"href":"https:\/\/fifaa.ee\/en\/wp-json\/wp\/v2\/product\/40745","targetHints":{"allow":["GET"]}}],"collection":[{"href":"https:\/\/fifaa.ee\/en\/wp-json\/wp\/v2\/product"}],"about":[{"href":"https:\/\/fifaa.ee\/en\/wp-json\/wp\/v2\/types\/product"}],"wp:featuredmedia":[{"embeddable":true,"href":"https:\/\/fifaa.ee\/en\/wp-json\/wp\/v2\/media\/40780"}],"wp:attachment":[{"href":"https:\/\/fifaa.ee\/en\/wp-json\/wp\/v2\/media?parent=40745"}],"wp:term":[{"taxonomy":"product_brand","embeddable":true,"href":"https:\/\/fifaa.ee\/en\/wp-json\/wp\/v2\/product_brand?post=40745"},{"taxonomy":"product_cat","embeddable":true,"href":"https:\/\/fifaa.ee\/en\/wp-json\/wp\/v2\/product_cat?post=40745"},{"taxonomy":"product_tag","embeddable":true,"href":"https:\/\/fifaa.ee\/en\/wp-json\/wp\/v2\/product_tag?post=40745"}],"curies":[{"name":"wp","href":"https:\/\/api.w.org\/{rel}","templated":true}]}}