{"id":40746,"date":"2025-01-28T17:40:59","date_gmt":"2025-01-28T15:40:59","guid":{"rendered":"https:\/\/fifaa.ee\/?post_type=product&#038;p=40746"},"modified":"2026-04-01T20:46:37","modified_gmt":"2026-04-01T17:46:37","slug":"vinga-landro-ratik-4-tk-komplekt","status":"publish","type":"product","link":"https:\/\/fifaa.ee\/en\/product\/vinga-landro-ratik-4-tk-komplekt\/","title":{"rendered":"VINGA Landro towel, 4 pcs set"},"content":{"rendered":"<p>Enjoy our luxurious cotton towel set with a dobby texture, designed to resemble a waffle towel but with excellent absorbency. The set includes two large 70 x 140 cm towels and two practical 50 x 70 cm towels, suitable for a variety of uses. Each set is thoughtfully packaged in FSC-certified kraft packaging. Experience the perfect blend of style, comfort and absorbency with these 500 gsm cotton towels.<\/p>","protected":false},"excerpt":{"rendered":"<p>Nautige meie luksuslikku puuvillast r\u00e4tikukomplekti, millel on dobby-tekstuur, mis on loodud sarnanema vahvlir\u00e4tikuga, kuid millel on suurep\u00e4rane imavus. Komplektis on kaks suures mahus 70 x 140 cm r\u00e4tikut ja kaks praktilist 50 x 70 cm r\u00e4tikut, mis sobivad erinevateks kasutusteks. Iga komplekt on l\u00e4bim\u00f5eldult pakendatud FSC-sertifikaadiga kraftpakendisse. Nende 500 gsm puuvillasest r\u00e4tikuga saate kogeda t\u00e4iuslikku [&hellip;]<\/p>\n","protected":false},"featured_media":40795,"template":"","meta":{"_acf_changed":false},"product_brand":[],"product_cat":[213,277],"product_tag":[659],"class_list":{"0":"post-40746","1":"product","2":"type-product","3":"status-publish","4":"has-post-thumbnail","6":"product_cat-kodu","7":"product_cat-ratik","8":"product_tag-more-colors","9":"pa_varv-roheline","10":"pa_varv-valge-new","12":"first","13":"instock","14":"taxable","15":"shipping-taxable","16":"purchasable","17":"product-type-variable","18":"has-default-attributes"},"acf":[],"_links":{"self":[{"href":"https:\/\/fifaa.ee\/en\/wp-json\/wp\/v2\/product\/40746","targetHints":{"allow":["GET"]}}],"collection":[{"href":"https:\/\/fifaa.ee\/en\/wp-json\/wp\/v2\/product"}],"about":[{"href":"https:\/\/fifaa.ee\/en\/wp-json\/wp\/v2\/types\/product"}],"wp:featuredmedia":[{"embeddable":true,"href":"https:\/\/fifaa.ee\/en\/wp-json\/wp\/v2\/media\/40795"}],"wp:attachment":[{"href":"https:\/\/fifaa.ee\/en\/wp-json\/wp\/v2\/media?parent=40746"}],"wp:term":[{"taxonomy":"product_brand","embeddable":true,"href":"https:\/\/fifaa.ee\/en\/wp-json\/wp\/v2\/product_brand?post=40746"},{"taxonomy":"product_cat","embeddable":true,"href":"https:\/\/fifaa.ee\/en\/wp-json\/wp\/v2\/product_cat?post=40746"},{"taxonomy":"product_tag","embeddable":true,"href":"https:\/\/fifaa.ee\/en\/wp-json\/wp\/v2\/product_tag?post=40746"}],"curies":[{"name":"wp","href":"https:\/\/api.w.org\/{rel}","templated":true}]}}