{"id":40747,"date":"2025-01-28T17:40:59","date_gmt":"2025-01-28T15:40:59","guid":{"rendered":"https:\/\/fifaa.ee\/?post_type=product&#038;p=40747"},"modified":"2026-04-01T20:47:02","modified_gmt":"2026-04-01T17:47:02","slug":"vinga-elba-ocs-orgaanilisest-puuvillast-ratik-4-tk-komplekt","status":"publish","type":"product","link":"https:\/\/fifaa.ee\/en\/product\/vinga-elba-ocs-orgaanilisest-puuvillast-ratik-4-tk-komplekt\/","title":{"rendered":"VINGA Elba OCS organic cotton towel, 4 pcs set"},"content":{"rendered":"<p>Experience the perfect blend of style, comfort and absorbency with these great towels. This set offers exceptional softness and functionality. The plush 500 gsm towels offer good absorbency and softness. The modern checkerboard pattern adds sophistication to your bathroom decor. The set includes two towels measuring (135x165cm) and two smaller practical towels measuring (65x40cm). Each set is thoughtfully packaged in FSC\u00ae-certified kraft packaging. The Organic Content Standard (OCS) verifies organically grown material and traces it from source to finished product. This product contains 99% OCS-certified organic cotton.<\/p>","protected":false},"excerpt":{"rendered":"<p>Nende suurep\u00e4raste r\u00e4tikutega kogege t\u00e4iuslikku stiili, mugavuse ja imavuse segu. See komplekt pakub erakordset pehmust ja funktsionaalsust. Palus 500 gsm kaaluga r\u00e4tikud pakuvad head imavust ja pehmust. Kaasaegne malelaua muster lisab teie vannitoa sisekujundusele rafineeritust. Komplekti kuulub kaks r\u00e4tikut m\u00f5\u00f5tudega (135x165cm) ja kaks v\u00e4iksemat praktilist r\u00e4tikut m\u00f5\u00f5tudega (65x40cm). Iga komplekt on l\u00e4bim\u00f5eldult pakendatud FSC\u00ae-sertifikaadiga kraftpakendisse. [&hellip;]<\/p>\n","protected":false},"featured_media":40799,"template":"","meta":{"_acf_changed":false},"product_brand":[],"product_cat":[213,277],"product_tag":[659],"class_list":{"0":"post-40747","1":"product","2":"type-product","3":"status-publish","4":"has-post-thumbnail","6":"product_cat-kodu","7":"product_cat-ratik","8":"product_tag-more-colors","9":"pa_varv-hall","10":"pa_varv-roheline","12":"first","13":"instock","14":"taxable","15":"shipping-taxable","16":"purchasable","17":"product-type-variable","18":"has-default-attributes"},"acf":[],"_links":{"self":[{"href":"https:\/\/fifaa.ee\/en\/wp-json\/wp\/v2\/product\/40747","targetHints":{"allow":["GET"]}}],"collection":[{"href":"https:\/\/fifaa.ee\/en\/wp-json\/wp\/v2\/product"}],"about":[{"href":"https:\/\/fifaa.ee\/en\/wp-json\/wp\/v2\/types\/product"}],"wp:featuredmedia":[{"embeddable":true,"href":"https:\/\/fifaa.ee\/en\/wp-json\/wp\/v2\/media\/40799"}],"wp:attachment":[{"href":"https:\/\/fifaa.ee\/en\/wp-json\/wp\/v2\/media?parent=40747"}],"wp:term":[{"taxonomy":"product_brand","embeddable":true,"href":"https:\/\/fifaa.ee\/en\/wp-json\/wp\/v2\/product_brand?post=40747"},{"taxonomy":"product_cat","embeddable":true,"href":"https:\/\/fifaa.ee\/en\/wp-json\/wp\/v2\/product_cat?post=40747"},{"taxonomy":"product_tag","embeddable":true,"href":"https:\/\/fifaa.ee\/en\/wp-json\/wp\/v2\/product_tag?post=40747"}],"curies":[{"name":"wp","href":"https:\/\/api.w.org\/{rel}","templated":true}]}}