{"id":40786,"date":"2025-01-28T17:41:20","date_gmt":"2025-01-28T15:41:20","guid":{"rendered":"https:\/\/fifaa.ee\/?post_type=product&#038;p=40786"},"modified":"2026-04-01T20:47:02","modified_gmt":"2026-04-01T17:47:02","slug":"vinga-verso-ocs-orgaanilisest-puuvillast-ratik-4-tk-komplekt","status":"publish","type":"product","link":"https:\/\/fifaa.ee\/en\/product\/vinga-verso-ocs-orgaanilisest-puuvillast-ratik-4-tk-komplekt\/","title":{"rendered":"VINGA Verso OCS organic cotton towel, 4 pcs set"},"content":{"rendered":"<p>Made from 100% organic cotton, this luxurious addition to your bathroom includes two large towels (135\u00d765 cm) and two small towels (65\u00d740 cm), ensuring both functionality and style. The plush 500 gsm towels offer good absorbency and softness. The subtle geometric pattern adds elegance to your bathroom decor, while the organic cotton material provides a high-quality feel without compromising comfort. Each set is thoughtfully packaged in FSC\u00ae-certified kraft packaging. The Organic Content Standard (OCS) verifies organically grown material and traces it from source to finished product. This product contains 99% OCS-certified organic cotton.<\/p>","protected":false},"excerpt":{"rendered":"<p>100% orgaanilisest puuvillast valmistatud luksuslik lisa teie vannitoale sisaldab kahte suurt r\u00e4tikut (135&#215;65 cm) ja kahte v\u00e4ikest r\u00e4tikut (65&#215;40 cm), mis tagavad nii funktsionaalsuse kui ka stiili. Palus 500 gsm kaaluga r\u00e4tikud pakuvad head imavust ja pehmust. Peen geomeetriline muster lisab teie vannitoa sisekujundusele elegantsi, samas kui orgaaniline puuvillane materjal tagab kvaliteetse tunde, ilma et [&hellip;]<\/p>\n","protected":false},"featured_media":40803,"template":"","meta":{"_acf_changed":false},"product_brand":[],"product_cat":[213,277],"product_tag":[659],"class_list":{"0":"post-40786","1":"product","2":"type-product","3":"status-publish","4":"has-post-thumbnail","6":"product_cat-kodu","7":"product_cat-ratik","8":"product_tag-more-colors","9":"pa_varv-hall","10":"pa_varv-valge-new","12":"first","13":"instock","14":"taxable","15":"shipping-taxable","16":"purchasable","17":"product-type-variable","18":"has-default-attributes"},"acf":[],"_links":{"self":[{"href":"https:\/\/fifaa.ee\/en\/wp-json\/wp\/v2\/product\/40786","targetHints":{"allow":["GET"]}}],"collection":[{"href":"https:\/\/fifaa.ee\/en\/wp-json\/wp\/v2\/product"}],"about":[{"href":"https:\/\/fifaa.ee\/en\/wp-json\/wp\/v2\/types\/product"}],"wp:featuredmedia":[{"embeddable":true,"href":"https:\/\/fifaa.ee\/en\/wp-json\/wp\/v2\/media\/40803"}],"wp:attachment":[{"href":"https:\/\/fifaa.ee\/en\/wp-json\/wp\/v2\/media?parent=40786"}],"wp:term":[{"taxonomy":"product_brand","embeddable":true,"href":"https:\/\/fifaa.ee\/en\/wp-json\/wp\/v2\/product_brand?post=40786"},{"taxonomy":"product_cat","embeddable":true,"href":"https:\/\/fifaa.ee\/en\/wp-json\/wp\/v2\/product_cat?post=40786"},{"taxonomy":"product_tag","embeddable":true,"href":"https:\/\/fifaa.ee\/en\/wp-json\/wp\/v2\/product_tag?post=40786"}],"curies":[{"name":"wp","href":"https:\/\/api.w.org\/{rel}","templated":true}]}}