{"id":40787,"date":"2025-01-28T17:41:20","date_gmt":"2025-01-28T15:41:20","guid":{"rendered":"https:\/\/fifaa.ee\/?post_type=product&#038;p=40787"},"modified":"2026-04-01T20:47:26","modified_gmt":"2026-04-01T17:47:26","slug":"vinga-tolo-hammam-froteeratik","status":"publish","type":"product","link":"https:\/\/fifaa.ee\/en\/product\/vinga-tolo-hammam-froteeratik\/","title":{"rendered":"VINGA Tolo hammam terry towel"},"content":{"rendered":"<p>The Hammam towel is designed with two different textures, one side is terry and the other is plain weave. The double-sided design makes this towel the best companion for the beach, poolside or outdoor adventures. It has excellent absorbency and dries quickly. The towel is made of 75% cotton and 25% polyester and has a thickness of 360 gsm. Dimensions: 180x80cm, 5cm fringes not included. OEKO-TEX\u00ae STANDARD 100. 09.HIN.68091. Hohenstein HTTI.<\/p>","protected":false},"excerpt":{"rendered":"<p>Hammami r\u00e4tik on disainitud kahe erineva tekstuuriga, \u00fcks pool frotee- ja teine \u200b\u200bpool lihtsakoeline. Kahepoolne disain muudab selle r\u00e4tiku parimaks kaaslaseks rannas, basseini \u00e4\u00e4res v\u00f5i \u00f5ues seikledes. Sellel on suurep\u00e4rane imamisv\u00f5ime ja see kuivab kiiresti. R\u00e4tik on valmistatud 75% puuvillast ja 25% pol\u00fcestrist ning selle paksus on 360 gsm. M\u00f5\u00f5dud: 180x80cm, narmad 5cm ei sisalda. [&hellip;]<\/p>\n","protected":false},"featured_media":40807,"template":"","meta":{"_acf_changed":false},"product_brand":[],"product_cat":[213,277],"product_tag":[659],"class_list":{"0":"post-40787","1":"product","2":"type-product","3":"status-publish","4":"has-post-thumbnail","6":"product_cat-kodu","7":"product_cat-ratik","8":"product_tag-more-colors","9":"pa_varv-hall","10":"pa_varv-kollane","11":"pa_varv-roheline","12":"pa_varv-sinine","14":"first","15":"instock","16":"taxable","17":"shipping-taxable","18":"purchasable","19":"product-type-variable","20":"has-default-attributes"},"acf":[],"_links":{"self":[{"href":"https:\/\/fifaa.ee\/en\/wp-json\/wp\/v2\/product\/40787","targetHints":{"allow":["GET"]}}],"collection":[{"href":"https:\/\/fifaa.ee\/en\/wp-json\/wp\/v2\/product"}],"about":[{"href":"https:\/\/fifaa.ee\/en\/wp-json\/wp\/v2\/types\/product"}],"wp:featuredmedia":[{"embeddable":true,"href":"https:\/\/fifaa.ee\/en\/wp-json\/wp\/v2\/media\/40807"}],"wp:attachment":[{"href":"https:\/\/fifaa.ee\/en\/wp-json\/wp\/v2\/media?parent=40787"}],"wp:term":[{"taxonomy":"product_brand","embeddable":true,"href":"https:\/\/fifaa.ee\/en\/wp-json\/wp\/v2\/product_brand?post=40787"},{"taxonomy":"product_cat","embeddable":true,"href":"https:\/\/fifaa.ee\/en\/wp-json\/wp\/v2\/product_cat?post=40787"},{"taxonomy":"product_tag","embeddable":true,"href":"https:\/\/fifaa.ee\/en\/wp-json\/wp\/v2\/product_tag?post=40787"}],"curies":[{"name":"wp","href":"https:\/\/api.w.org\/{rel}","templated":true}]}}