{"id":40788,"date":"2025-01-28T17:41:20","date_gmt":"2025-01-28T15:41:20","guid":{"rendered":"https:\/\/fifaa.ee\/?post_type=product&#038;p=40788"},"modified":"2026-04-01T20:47:26","modified_gmt":"2026-04-01T17:47:26","slug":"vinga-ornos-grs-taaskasutatud-puuvillast-hamam-ratik","status":"publish","type":"product","link":"https:\/\/fifaa.ee\/en\/product\/vinga-ornos-grs-taaskasutatud-puuvillast-hamam-ratik\/","title":{"rendered":"VINGA Ornos GRS recycled cotton hammam towel"},"content":{"rendered":"<p>This hammam beach towel features a classic two-tone striped pattern with fringes on the short sides. Made from a light and airy 200 gsm blend, it combines the comfort of cotton with the quick-drying benefits of polyester. Measuring 80\u00d7180 cm, it is perfect for the beach or poolside. GRS (Global Recycled Standard) certified GRS certification ensures that the entire recycled material supply chain is certified. The total recycled content is based on the total weight of the product. This product contains 68% GRS certified recycled cotton and 29% GRS certified recycled polyester.<\/p>","protected":false},"excerpt":{"rendered":"<p>Sellel hammam rannar\u00e4tikul on klassikaline kahev\u00e4rviline triibuline muster, mille l\u00fchikestel k\u00fclgedel on narmad. Valmistatud kergest ja \u00f5hulisest 200 gsm segust, \u00fchendab see puuvilla mugavuse ja pol\u00fcestri kiiresti kuivava eelised. M\u00f5\u00f5tudega 80&#215;180 cm sobib ideaalselt randa v\u00f5i basseini \u00e4\u00e4rde. GRS-i (Global Recycled Standard) sertifitseeritud GRS-sertifikaat tagab, et kogu taaskasutatud materjalide tarneahel on sertifitseeritud. Taaskasutatud kogusisaldus p\u00f5hineb [&hellip;]<\/p>\n","protected":false},"featured_media":40815,"template":"","meta":{"_acf_changed":false},"product_brand":[],"product_cat":[213,277],"product_tag":[659],"class_list":{"0":"post-40788","1":"product","2":"type-product","3":"status-publish","4":"has-post-thumbnail","6":"product_cat-kodu","7":"product_cat-ratik","8":"product_tag-more-colors","9":"pa_varv-beez","10":"pa_varv-sinine","12":"first","13":"instock","14":"taxable","15":"shipping-taxable","16":"purchasable","17":"product-type-variable","18":"has-default-attributes"},"acf":[],"_links":{"self":[{"href":"https:\/\/fifaa.ee\/en\/wp-json\/wp\/v2\/product\/40788","targetHints":{"allow":["GET"]}}],"collection":[{"href":"https:\/\/fifaa.ee\/en\/wp-json\/wp\/v2\/product"}],"about":[{"href":"https:\/\/fifaa.ee\/en\/wp-json\/wp\/v2\/types\/product"}],"wp:featuredmedia":[{"embeddable":true,"href":"https:\/\/fifaa.ee\/en\/wp-json\/wp\/v2\/media\/40815"}],"wp:attachment":[{"href":"https:\/\/fifaa.ee\/en\/wp-json\/wp\/v2\/media?parent=40788"}],"wp:term":[{"taxonomy":"product_brand","embeddable":true,"href":"https:\/\/fifaa.ee\/en\/wp-json\/wp\/v2\/product_brand?post=40788"},{"taxonomy":"product_cat","embeddable":true,"href":"https:\/\/fifaa.ee\/en\/wp-json\/wp\/v2\/product_cat?post=40788"},{"taxonomy":"product_tag","embeddable":true,"href":"https:\/\/fifaa.ee\/en\/wp-json\/wp\/v2\/product_tag?post=40788"}],"curies":[{"name":"wp","href":"https:\/\/api.w.org\/{rel}","templated":true}]}}