{"id":40792,"date":"2025-01-28T17:41:20","date_gmt":"2025-01-28T15:41:20","guid":{"rendered":"https:\/\/fifaa.ee\/?post_type=product&#038;p=40792"},"modified":"2026-04-01T20:48:21","modified_gmt":"2026-04-01T17:48:21","slug":"bounce-bocce-mang","status":"publish","type":"product","link":"https:\/\/fifaa.ee\/en\/product\/bounce-bocce-mang\/","title":{"rendered":"VINGA Bocce game"},"content":{"rendered":"<p>Bocce is a precision game and is suitable for all ages. It is suitable for any occasion and almost anywhere, such as the beach, garden or many other outdoor settings. It can be played individually or in a team and the rules are very simple, the one who is closest to the small target ball wins. Includes 6 balls, 1 small target ball and a measuring tool. The game is packed in a cotton bag, which makes it easy to carry. Includes instructions. All wooden parts are made of high-quality FSC\u00ae-certified pinewood, which ensures that the wood comes from responsibly managed forests. Balls: diameter 6.5 cm.<\/p>","protected":false},"excerpt":{"rendered":"<p>Bocce m\u00e4ng on t\u00e4ppism\u00e4ng ja sobib k\u00f5igile igas vanuses inimestele. See sobib igaks juhuks ja peaaegu k\u00f5ikjale, n\u00e4iteks randa, aeda v\u00f5i paljudesse muudesse v\u00e4litingimustesse. M\u00e4ngida saab nii individuaalselt kui ka meeskonnas ja reeglid on v\u00e4ga lihtsad, v\u00f5idab see, kes on v\u00e4iksele sihtpallile k\u00f5ige l\u00e4hemal. Kaasas 6 palli, 1 v\u00e4ike sihikupall ja m\u00f5\u00f5teriist. M\u00e4ng on pakitud [&hellip;]<\/p>\n","protected":false},"featured_media":40825,"template":"","meta":{"_acf_changed":false},"product_brand":[],"product_cat":[571],"product_tag":[],"class_list":{"0":"post-40792","1":"product","2":"type-product","3":"status-publish","4":"has-post-thumbnail","6":"product_cat-vabaaeg-ja-sport","7":"pa_varv-pruun","9":"first","10":"instock","11":"taxable","12":"shipping-taxable","13":"purchasable","14":"product-type-variable","15":"has-default-attributes"},"acf":[],"_links":{"self":[{"href":"https:\/\/fifaa.ee\/en\/wp-json\/wp\/v2\/product\/40792","targetHints":{"allow":["GET"]}}],"collection":[{"href":"https:\/\/fifaa.ee\/en\/wp-json\/wp\/v2\/product"}],"about":[{"href":"https:\/\/fifaa.ee\/en\/wp-json\/wp\/v2\/types\/product"}],"wp:featuredmedia":[{"embeddable":true,"href":"https:\/\/fifaa.ee\/en\/wp-json\/wp\/v2\/media\/40825"}],"wp:attachment":[{"href":"https:\/\/fifaa.ee\/en\/wp-json\/wp\/v2\/media?parent=40792"}],"wp:term":[{"taxonomy":"product_brand","embeddable":true,"href":"https:\/\/fifaa.ee\/en\/wp-json\/wp\/v2\/product_brand?post=40792"},{"taxonomy":"product_cat","embeddable":true,"href":"https:\/\/fifaa.ee\/en\/wp-json\/wp\/v2\/product_cat?post=40792"},{"taxonomy":"product_tag","embeddable":true,"href":"https:\/\/fifaa.ee\/en\/wp-json\/wp\/v2\/product_tag?post=40792"}],"curies":[{"name":"wp","href":"https:\/\/api.w.org\/{rel}","templated":true}]}}