{"id":40793,"date":"2025-01-28T17:41:20","date_gmt":"2025-01-28T15:41:20","guid":{"rendered":"https:\/\/fifaa.ee\/?post_type=product&#038;p=40793"},"modified":"2026-04-01T20:48:21","modified_gmt":"2026-04-01T17:48:21","slug":"vinga-tic-tac-toe-minimang","status":"publish","type":"product","link":"https:\/\/fifaa.ee\/en\/product\/vinga-tic-tac-toe-minimang\/","title":{"rendered":"VINGA Tic-tac-toe mini game"},"content":{"rendered":"<p>Tic Tac Toe is a fun and simple game that is suitable for people of all ages. The game is small and handy, making it easy to take with you. The object of the game is to be the first player to get three in a row either horizontally, vertically or diagonally. 10 pieces of game markers, 5 pieces of \u201cX\u201d and 5 pieces of \u201cO\u201d. Comes with a printed game plan in a canvas bag. The game markers are made of high-quality FSC\u00ae-certified pine wood, which ensures that the wood comes from responsibly managed forests.<\/p>","protected":false},"excerpt":{"rendered":"<p>Tic Tac Toe on l\u00f5bus ja lihtne m\u00e4ng, mis sobib igas vanuses inimestele. M\u00e4ng on v\u00e4ike ja k\u00e4ep\u00e4rane, mist\u00f5ttu on seda lihtne endaga kaasa v\u00f5tta. M\u00e4ngu eesm\u00e4rk on olla esimene m\u00e4ngija, kes saab kolm j\u00e4rjestikku kas horisontaalselt, vertikaalselt v\u00f5i diagonaalselt. 10 t\u00fckki m\u00e4ngumarkereid, 5 t\u00fckki &#8220;X&#8221; ja 5 t\u00fckki &#8220;O&#8221;. Kaasas prinditud m\u00e4nguplaaniga l\u00f5uendist kotis. [&hellip;]<\/p>\n","protected":false},"featured_media":40827,"template":"","meta":{"_acf_changed":false},"product_brand":[],"product_cat":[571],"product_tag":[],"class_list":{"0":"post-40793","1":"product","2":"type-product","3":"status-publish","4":"has-post-thumbnail","6":"product_cat-vabaaeg-ja-sport","7":"pa_varv-pruun","9":"first","10":"instock","11":"taxable","12":"shipping-taxable","13":"purchasable","14":"product-type-variable","15":"has-default-attributes"},"acf":[],"_links":{"self":[{"href":"https:\/\/fifaa.ee\/en\/wp-json\/wp\/v2\/product\/40793","targetHints":{"allow":["GET"]}}],"collection":[{"href":"https:\/\/fifaa.ee\/en\/wp-json\/wp\/v2\/product"}],"about":[{"href":"https:\/\/fifaa.ee\/en\/wp-json\/wp\/v2\/types\/product"}],"wp:featuredmedia":[{"embeddable":true,"href":"https:\/\/fifaa.ee\/en\/wp-json\/wp\/v2\/media\/40827"}],"wp:attachment":[{"href":"https:\/\/fifaa.ee\/en\/wp-json\/wp\/v2\/media?parent=40793"}],"wp:term":[{"taxonomy":"product_brand","embeddable":true,"href":"https:\/\/fifaa.ee\/en\/wp-json\/wp\/v2\/product_brand?post=40793"},{"taxonomy":"product_cat","embeddable":true,"href":"https:\/\/fifaa.ee\/en\/wp-json\/wp\/v2\/product_cat?post=40793"},{"taxonomy":"product_tag","embeddable":true,"href":"https:\/\/fifaa.ee\/en\/wp-json\/wp\/v2\/product_tag?post=40793"}],"curies":[{"name":"wp","href":"https:\/\/api.w.org\/{rel}","templated":true}]}}