{"id":40794,"date":"2025-01-28T17:41:20","date_gmt":"2025-01-28T15:41:20","guid":{"rendered":"https:\/\/fifaa.ee\/?post_type=product&#038;p=40794"},"modified":"2026-04-01T20:48:42","modified_gmt":"2026-04-01T17:48:42","slug":"vinga-bosler-aware-louendist-muts","status":"publish","type":"product","link":"https:\/\/fifaa.ee\/en\/product\/vinga-bosler-aware-louendist-muts\/","title":{"rendered":"VINGA Bosler AWARE\u2122 canvas cap"},"content":{"rendered":"<p>Elevate your casual style with our soft canvas hat, featuring a simple and understated design that fits everyone. This 6-panel cap features a curved visor and a comfortable PU-coated Velcro strap on the back. The cap is made from recycled materials with AWARE\u2122, using genuine recycled fabric materials, guaranteed by AWARE&#039;s disruptive physical tracking device and blockchain technology. With a maximum circumference of 63 cm, this simple and comfortable hat is perfect for any head size.<\/p>","protected":false},"excerpt":{"rendered":"<p>Suurendage oma vabaaja stiili meie pehme l\u00f5uendist m\u00fctsiga, millel on tagasihoidlik ja lihtne disain, mis sobib k\u00f5igile. Sellel 6-paneelilisel korgil on kumer visiir ja mugav PU-kattega takjapaela tagak\u00fcljel. Kork on valmistatud ringlussev\u00f5etud materjalidest koos AWARE\u2122-iga, kasutades ehtsaid ringlussev\u00f5etud kangast materjale, mille tagavad AWARE h\u00e4iriv f\u00fc\u00fcsiline j\u00e4lgimisseade ja plokiahela tehnoloogia. See lihtne ja mugav m\u00fcts, mille [&hellip;]<\/p>\n","protected":false},"featured_media":40838,"template":"","meta":{"_acf_changed":false},"product_brand":[],"product_cat":[217,218],"product_tag":[659],"class_list":{"0":"post-40794","1":"product","2":"type-product","3":"status-publish","4":"has-post-thumbnail","6":"product_cat-mutsid","7":"product_cat-nokamuts","8":"product_tag-more-colors","9":"pa_varv-beez","10":"pa_varv-must","11":"pa_varv-roheline","12":"pa_varv-sinine","14":"first","15":"instock","16":"taxable","17":"shipping-taxable","18":"purchasable","19":"product-type-variable","20":"has-default-attributes"},"acf":[],"_links":{"self":[{"href":"https:\/\/fifaa.ee\/en\/wp-json\/wp\/v2\/product\/40794","targetHints":{"allow":["GET"]}}],"collection":[{"href":"https:\/\/fifaa.ee\/en\/wp-json\/wp\/v2\/product"}],"about":[{"href":"https:\/\/fifaa.ee\/en\/wp-json\/wp\/v2\/types\/product"}],"wp:featuredmedia":[{"embeddable":true,"href":"https:\/\/fifaa.ee\/en\/wp-json\/wp\/v2\/media\/40838"}],"wp:attachment":[{"href":"https:\/\/fifaa.ee\/en\/wp-json\/wp\/v2\/media?parent=40794"}],"wp:term":[{"taxonomy":"product_brand","embeddable":true,"href":"https:\/\/fifaa.ee\/en\/wp-json\/wp\/v2\/product_brand?post=40794"},{"taxonomy":"product_cat","embeddable":true,"href":"https:\/\/fifaa.ee\/en\/wp-json\/wp\/v2\/product_cat?post=40794"},{"taxonomy":"product_tag","embeddable":true,"href":"https:\/\/fifaa.ee\/en\/wp-json\/wp\/v2\/product_tag?post=40794"}],"curies":[{"name":"wp","href":"https:\/\/api.w.org\/{rel}","templated":true}]}}