{"id":408204,"date":"2026-04-02T14:48:28","date_gmt":"2026-04-02T11:48:28","guid":{"rendered":"https:\/\/fifaa.ee\/?post_type=product&#038;p=408204"},"modified":"2026-04-02T15:38:32","modified_gmt":"2026-04-02T12:38:32","slug":"classic-shell-jacket","status":"publish","type":"product","link":"https:\/\/fifaa.ee\/en\/product\/classic-shell-jacket\/","title":{"rendered":"Classic Shell Jacket"},"content":{"rendered":"<p>A functional and detailed jacket made from 100% recycled polyester. All external zips are waterproof, ensuring protection against moisture. The jacket includes 2 external zipped pockets and 2 internal pockets for practical storage. A drawstring hood, adjustable cuffs with Velcro and a drawstring at the hem provide additional comfort and adjustability. Taped seams add water resistance, while WP 10000 \/ MVP 800 ratings ensure excellent weather protection.<\/p>","protected":false},"excerpt":{"rendered":"<p>Funktsionaalne ja detailne jope, mis on valmistatud 100% taaskasutatud pol\u00fcestrist. K\u00f5ik v\u00e4lised t\u00f5mblukud on veekindlad, tagades kaitse niiskuse eest. Jope sisaldab 2 lukuga v\u00e4listaskut ja 2 sisetaskut praktiliseks hoiustamiseks. Pingutusn\u00f6\u00f6riga \u00fcleskeeratav kapuuts, reguleeritavad takjapaelaga mansetid ja pingutusn\u00f6\u00f6r all\u00e4\u00e4res pakuvad t\u00e4iendavat mugavust ja kohandatavust. Teibitud \u00f5mblused lisavad veekindlust, samas kui WP 10000 \/ MVP 800 n\u00e4itajad [&hellip;]<\/p>\n","protected":false},"featured_media":408221,"template":"","meta":{"_acf_changed":false},"product_brand":[],"product_cat":[712,308],"product_tag":[659],"class_list":{"0":"post-408204","1":"product","2":"type-product","3":"status-publish","4":"has-post-thumbnail","6":"product_cat-joped","7":"product_cat-softshell","8":"product_tag-more-colors","9":"pa_brand-clique","10":"pa_suurus-xs","11":"pa_suurus-s","12":"pa_suurus-m","13":"pa_suurus-l","14":"pa_suurus-xl","15":"pa_suurus-xxl","16":"pa_suurus-3xl","17":"pa_suurus-4xl","18":"pa_varv-must","20":"first","21":"instock","22":"taxable","23":"shipping-taxable","24":"purchasable","25":"product-type-variable","26":"has-default-attributes"},"acf":[],"_links":{"self":[{"href":"https:\/\/fifaa.ee\/en\/wp-json\/wp\/v2\/product\/408204","targetHints":{"allow":["GET"]}}],"collection":[{"href":"https:\/\/fifaa.ee\/en\/wp-json\/wp\/v2\/product"}],"about":[{"href":"https:\/\/fifaa.ee\/en\/wp-json\/wp\/v2\/types\/product"}],"wp:featuredmedia":[{"embeddable":true,"href":"https:\/\/fifaa.ee\/en\/wp-json\/wp\/v2\/media\/408221"}],"wp:attachment":[{"href":"https:\/\/fifaa.ee\/en\/wp-json\/wp\/v2\/media?parent=408204"}],"wp:term":[{"taxonomy":"product_brand","embeddable":true,"href":"https:\/\/fifaa.ee\/en\/wp-json\/wp\/v2\/product_brand?post=408204"},{"taxonomy":"product_cat","embeddable":true,"href":"https:\/\/fifaa.ee\/en\/wp-json\/wp\/v2\/product_cat?post=408204"},{"taxonomy":"product_tag","embeddable":true,"href":"https:\/\/fifaa.ee\/en\/wp-json\/wp\/v2\/product_tag?post=408204"}],"curies":[{"name":"wp","href":"https:\/\/api.w.org\/{rel}","templated":true}]}}