{"id":40828,"date":"2025-01-28T17:41:40","date_gmt":"2025-01-28T15:41:40","guid":{"rendered":"https:\/\/fifaa.ee\/?post_type=product&#038;p=40828"},"modified":"2026-04-01T20:48:42","modified_gmt":"2026-04-01T17:48:42","slug":"vinga-valijahi-mang","status":"publish","type":"product","link":"https:\/\/fifaa.ee\/en\/product\/vinga-valijahi-mang\/","title":{"rendered":"VINGA Outdoor yacht game"},"content":{"rendered":"<p>The outdoor hunting game is a classic dice game that is perfect for fun days outdoors. The goal of the game is to get the highest score possible by rolling and combining dice in different ways. The game is easy to learn and can be played by people of all ages. It comes with 5 dice, measuring 7x7x7cm, a notebook and a pencil. Packed in a cotton bag. Instructions for use are included. All wooden parts are made of high-quality FSC\u00ae-certified pine wood, which ensures that the wood comes from responsibly managed forests.<\/p>","protected":false},"excerpt":{"rendered":"<p>V\u00e4lijahim\u00e4ng on klassikaline t\u00e4ringum\u00e4ng, mis sobib suurep\u00e4raselt toredateks \u00f5uep\u00e4evadeks. M\u00e4ngu eesm\u00e4rk on erinevatel viisidel t\u00e4ringuid veeretades ja kombineerides saada v\u00f5imalikult suur punktisumma. M\u00e4ngu on lihtne \u00f5ppida ja seda saavad m\u00e4ngida igas vanuses inimesed. Kaasas on 5 t\u00e4ringut, m\u00f5\u00f5tmetega 7x7x7cm, m\u00e4rkmik ja pliiats. Pakitud puuvillasesse kotti. Kaasas kasutusjuhend. K\u00f5ik puitosad on valmistatud kvaliteetsest FSC\u00ae-sertifikaadiga m\u00e4nnipuidust, mis [&hellip;]<\/p>\n","protected":false},"featured_media":40846,"template":"","meta":{"_acf_changed":false},"product_brand":[],"product_cat":[571],"product_tag":[],"class_list":{"0":"post-40828","1":"product","2":"type-product","3":"status-publish","4":"has-post-thumbnail","6":"product_cat-vabaaeg-ja-sport","7":"pa_varv-pruun","9":"first","10":"instock","11":"taxable","12":"shipping-taxable","13":"purchasable","14":"product-type-variable","15":"has-default-attributes"},"acf":[],"_links":{"self":[{"href":"https:\/\/fifaa.ee\/en\/wp-json\/wp\/v2\/product\/40828","targetHints":{"allow":["GET"]}}],"collection":[{"href":"https:\/\/fifaa.ee\/en\/wp-json\/wp\/v2\/product"}],"about":[{"href":"https:\/\/fifaa.ee\/en\/wp-json\/wp\/v2\/types\/product"}],"wp:featuredmedia":[{"embeddable":true,"href":"https:\/\/fifaa.ee\/en\/wp-json\/wp\/v2\/media\/40846"}],"wp:attachment":[{"href":"https:\/\/fifaa.ee\/en\/wp-json\/wp\/v2\/media?parent=40828"}],"wp:term":[{"taxonomy":"product_brand","embeddable":true,"href":"https:\/\/fifaa.ee\/en\/wp-json\/wp\/v2\/product_brand?post=40828"},{"taxonomy":"product_cat","embeddable":true,"href":"https:\/\/fifaa.ee\/en\/wp-json\/wp\/v2\/product_cat?post=40828"},{"taxonomy":"product_tag","embeddable":true,"href":"https:\/\/fifaa.ee\/en\/wp-json\/wp\/v2\/product_tag?post=40828"}],"curies":[{"name":"wp","href":"https:\/\/api.w.org\/{rel}","templated":true}]}}