{"id":40829,"date":"2025-01-28T17:41:40","date_gmt":"2025-01-28T15:41:40","guid":{"rendered":"https:\/\/fifaa.ee\/?post_type=product&#038;p=40829"},"modified":"2026-04-01T20:48:42","modified_gmt":"2026-04-01T17:48:42","slug":"vinga-miro-rannatennisemang","status":"publish","type":"product","link":"https:\/\/fifaa.ee\/en\/product\/vinga-miro-rannatennisemang\/","title":{"rendered":"VINGA Miro beach tennis game"},"content":{"rendered":"<p>Beach tennis is a popular racket game that is easy to learn and suitable for both adults and children. A fun activity to play on the beach, in the park or at home in the garden. Two rackets and two rubber balls are included and the game comes in a cotton bag, making it easy to carry around. This game is not intended for use in water. The rackets are made of high-quality FSC\u00ae-certified plywood, which ensures that the wood comes from responsibly managed forests. Rackets: 35x21cm.<\/p>","protected":false},"excerpt":{"rendered":"<p>Rannatennis on populaarne reketim\u00e4ng, mida on lihtne \u00f5ppida ja mis sobib nii t\u00e4iskasvanutele kui ka lastele. L\u00f5bus tegevus rannas, pargis v\u00f5i kodus aias m\u00e4ngimiseks. Kaasas on kaks reketit ja kaks kummipalli ning m\u00e4ng on puuvillases kotis, mis teeb m\u00e4ngu kaasaskandmise lihtsaks. See m\u00e4ng ei ole m\u00f5eldud vees kasutamiseks. Reketid on valmistatud kvaliteetsest FSC\u00ae-sertifikaadiga vineerist, mis [&hellip;]<\/p>\n","protected":false},"featured_media":40848,"template":"","meta":{"_acf_changed":false},"product_brand":[],"product_cat":[571],"product_tag":[],"class_list":{"0":"post-40829","1":"product","2":"type-product","3":"status-publish","4":"has-post-thumbnail","6":"product_cat-vabaaeg-ja-sport","7":"pa_varv-pruun","9":"first","10":"instock","11":"taxable","12":"shipping-taxable","13":"purchasable","14":"product-type-variable","15":"has-default-attributes"},"acf":[],"_links":{"self":[{"href":"https:\/\/fifaa.ee\/en\/wp-json\/wp\/v2\/product\/40829","targetHints":{"allow":["GET"]}}],"collection":[{"href":"https:\/\/fifaa.ee\/en\/wp-json\/wp\/v2\/product"}],"about":[{"href":"https:\/\/fifaa.ee\/en\/wp-json\/wp\/v2\/types\/product"}],"wp:featuredmedia":[{"embeddable":true,"href":"https:\/\/fifaa.ee\/en\/wp-json\/wp\/v2\/media\/40848"}],"wp:attachment":[{"href":"https:\/\/fifaa.ee\/en\/wp-json\/wp\/v2\/media?parent=40829"}],"wp:term":[{"taxonomy":"product_brand","embeddable":true,"href":"https:\/\/fifaa.ee\/en\/wp-json\/wp\/v2\/product_brand?post=40829"},{"taxonomy":"product_cat","embeddable":true,"href":"https:\/\/fifaa.ee\/en\/wp-json\/wp\/v2\/product_cat?post=40829"},{"taxonomy":"product_tag","embeddable":true,"href":"https:\/\/fifaa.ee\/en\/wp-json\/wp\/v2\/product_tag?post=40829"}],"curies":[{"name":"wp","href":"https:\/\/api.w.org\/{rel}","templated":true}]}}