{"id":40831,"date":"2025-01-28T17:41:41","date_gmt":"2025-01-28T15:41:41","guid":{"rendered":"https:\/\/fifaa.ee\/?post_type=product&#038;p=40831"},"modified":"2026-04-01T20:49:26","modified_gmt":"2026-04-01T17:49:26","slug":"vinga-baltimore-aware-taaskasutatud-pet-ambrimuts","status":"publish","type":"product","link":"https:\/\/fifaa.ee\/en\/product\/vinga-baltimore-aware-taaskasutatud-pet-ambrimuts\/","title":{"rendered":"VINGA Baltimore AWARE\u2122 recycled PET bucket hat"},"content":{"rendered":"<p>A stylish hat with a clean design, perfect for a day out or a relaxed business trip. This versatile accessory that suits every style not only protects against the occasional light rain, but also ensures a comfortable fit. With a 58 cm circumference, it is designed to fit everyone. The bucket is made of recycled PET with the AWARE\u2122 label, which confirms the genuine use of recycled materials. 2% of the proceeds from every product sold is donated to Water.org.<\/p>","protected":false},"excerpt":{"rendered":"<p>Stiilne puhta disainiga m\u00fcts, mis sobib ideaalselt vabaks p\u00e4evaks v\u00f5i rahulikuks \u00e4ritegevuseks. See mitmek\u00fclgne aksessuaar, mis sobib igale stiilile, mitte ainult ei kaitse aeg-ajalt kerge vihma eest, vaid tagab ka mugava istuvuse. 58 cm \u00fcmberm\u00f5\u00f5duga on see m\u00f5eldud k\u00f5igile sobivaks. Kopp on valmistatud taaskasutatud PET-st koos AWARE\u2122 m\u00e4rgistusega, mis kinnitab taaskasutatud materjalide ehtsat kasutamist. 2% [&hellip;]<\/p>\n","protected":false},"featured_media":40858,"template":"","meta":{"_acf_changed":false},"product_brand":[],"product_cat":[217],"product_tag":[659],"class_list":{"0":"post-40831","1":"product","2":"type-product","3":"status-publish","4":"has-post-thumbnail","6":"product_cat-mutsid","7":"product_tag-more-colors","8":"pa_varv-must","9":"pa_varv-roheline","10":"pa_varv-sinine","12":"first","13":"instock","14":"taxable","15":"shipping-taxable","16":"purchasable","17":"product-type-variable","18":"has-default-attributes"},"acf":[],"_links":{"self":[{"href":"https:\/\/fifaa.ee\/en\/wp-json\/wp\/v2\/product\/40831","targetHints":{"allow":["GET"]}}],"collection":[{"href":"https:\/\/fifaa.ee\/en\/wp-json\/wp\/v2\/product"}],"about":[{"href":"https:\/\/fifaa.ee\/en\/wp-json\/wp\/v2\/types\/product"}],"wp:featuredmedia":[{"embeddable":true,"href":"https:\/\/fifaa.ee\/en\/wp-json\/wp\/v2\/media\/40858"}],"wp:attachment":[{"href":"https:\/\/fifaa.ee\/en\/wp-json\/wp\/v2\/media?parent=40831"}],"wp:term":[{"taxonomy":"product_brand","embeddable":true,"href":"https:\/\/fifaa.ee\/en\/wp-json\/wp\/v2\/product_brand?post=40831"},{"taxonomy":"product_cat","embeddable":true,"href":"https:\/\/fifaa.ee\/en\/wp-json\/wp\/v2\/product_cat?post=40831"},{"taxonomy":"product_tag","embeddable":true,"href":"https:\/\/fifaa.ee\/en\/wp-json\/wp\/v2\/product_tag?post=40831"}],"curies":[{"name":"wp","href":"https:\/\/api.w.org\/{rel}","templated":true}]}}