{"id":40832,"date":"2025-01-28T17:41:41","date_gmt":"2025-01-28T15:41:41","guid":{"rendered":"https:\/\/fifaa.ee\/?post_type=product&#038;p=40832"},"modified":"2026-04-01T20:49:26","modified_gmt":"2026-04-01T17:49:26","slug":"vinga-cornhole-mang","status":"publish","type":"product","link":"https:\/\/fifaa.ee\/en\/product\/vinga-cornhole-mang\/","title":{"rendered":"VINGA Cornhole game"},"content":{"rendered":"<p>Enjoy this fun and simple game indoors or outdoors. It has a timeless design and rustic tones. It is the perfect game for people of all ages. Play with friends, family or even alone. The set includes a board made of FSC\u00ae certified MDF and six canvas bags to throw. The game is conveniently packed in a canvas bag with a mesh back, making it easy to carry. Instructions are included.<\/p>","protected":false},"excerpt":{"rendered":"<p>Nautige seda l\u00f5busat ja lihtsat m\u00e4ngu \u00f5ues v\u00f5i siseruumides. Sellel on ajatu disain ja maal\u00e4hedased toonid. See on ideaalne m\u00e4ng, mis sobib igas vanuses inimestele. M\u00e4ngige s\u00f5prade, perega v\u00f5i isegi \u00fcksi. Komplekt sisaldab FSC\u00ae-i sertifikaadiga MDF-plaadist valmistatud tahvlit ja kuut l\u00f5uendikotti, mida visata. M\u00e4ng on mugavalt pakitud l\u00f5uendist kotti, mille seljaosa on v\u00f5rkkangas, mist\u00f5ttu on [&hellip;]<\/p>\n","protected":false},"featured_media":40866,"template":"","meta":{"_acf_changed":false},"product_brand":[],"product_cat":[571],"product_tag":[],"class_list":{"0":"post-40832","1":"product","2":"type-product","3":"status-publish","4":"has-post-thumbnail","6":"product_cat-vabaaeg-ja-sport","7":"pa_varv-pruun","9":"first","10":"instock","11":"taxable","12":"shipping-taxable","13":"purchasable","14":"product-type-variable","15":"has-default-attributes"},"acf":[],"_links":{"self":[{"href":"https:\/\/fifaa.ee\/en\/wp-json\/wp\/v2\/product\/40832","targetHints":{"allow":["GET"]}}],"collection":[{"href":"https:\/\/fifaa.ee\/en\/wp-json\/wp\/v2\/product"}],"about":[{"href":"https:\/\/fifaa.ee\/en\/wp-json\/wp\/v2\/types\/product"}],"wp:featuredmedia":[{"embeddable":true,"href":"https:\/\/fifaa.ee\/en\/wp-json\/wp\/v2\/media\/40866"}],"wp:attachment":[{"href":"https:\/\/fifaa.ee\/en\/wp-json\/wp\/v2\/media?parent=40832"}],"wp:term":[{"taxonomy":"product_brand","embeddable":true,"href":"https:\/\/fifaa.ee\/en\/wp-json\/wp\/v2\/product_brand?post=40832"},{"taxonomy":"product_cat","embeddable":true,"href":"https:\/\/fifaa.ee\/en\/wp-json\/wp\/v2\/product_cat?post=40832"},{"taxonomy":"product_tag","embeddable":true,"href":"https:\/\/fifaa.ee\/en\/wp-json\/wp\/v2\/product_tag?post=40832"}],"curies":[{"name":"wp","href":"https:\/\/api.w.org\/{rel}","templated":true}]}}