{"id":40834,"date":"2025-01-28T17:41:41","date_gmt":"2025-01-28T15:41:41","guid":{"rendered":"https:\/\/fifaa.ee\/?post_type=product&#038;p=40834"},"modified":"2026-04-01T20:49:47","modified_gmt":"2026-04-01T17:49:47","slug":"go-hangi-numbritega-minimang","status":"publish","type":"product","link":"https:\/\/fifaa.ee\/en\/product\/go-hangi-numbritega-minimang\/","title":{"rendered":"VINGA Muge number mini game"},"content":{"rendered":"<p>This handy mini version of the Muge number game is a tactical game that includes twelve numbered pins and one throwing pin. A simple, timeless design made from FSC\u00ae certified pinewood. It&#039;s the perfect game to take with you and play wherever it suits you. The aim is to be the first to reach exactly 50 points. The game is conveniently packed in a canvas bag with a mesh back, making it easy to carry. Instructions are included.<\/p>","protected":false},"excerpt":{"rendered":"<p>See Muge numbrim\u00e4ngu mugav miniversioon on taktikaline m\u00e4ng, mis sisaldab kahteteist nummerdatud n\u00f6\u00f6pn\u00f5ela ja \u00fchte visken\u00f5ela. Lihtne ajatu disain, mis on valmistatud FSC\u00ae sertifitseeritud m\u00e4nnipuidust. See on ideaalne m\u00e4ng kaasa v\u00f5tmiseks ja m\u00e4ngimiseks k\u00f5ikjal, kus see teile sobib. Eesm\u00e4rk on j\u00f5uda esimesena t\u00e4pselt 50 punktini. M\u00e4ng on mugavalt pakitud l\u00f5uendist kotti, mille seljaosa on v\u00f5rkkangas, [&hellip;]<\/p>\n","protected":false},"featured_media":40870,"template":"","meta":{"_acf_changed":false},"product_brand":[],"product_cat":[571],"product_tag":[],"class_list":{"0":"post-40834","1":"product","2":"type-product","3":"status-publish","4":"has-post-thumbnail","6":"product_cat-vabaaeg-ja-sport","7":"pa_varv-pruun","9":"first","10":"instock","11":"taxable","12":"shipping-taxable","13":"purchasable","14":"product-type-variable","15":"has-default-attributes"},"acf":[],"_links":{"self":[{"href":"https:\/\/fifaa.ee\/en\/wp-json\/wp\/v2\/product\/40834","targetHints":{"allow":["GET"]}}],"collection":[{"href":"https:\/\/fifaa.ee\/en\/wp-json\/wp\/v2\/product"}],"about":[{"href":"https:\/\/fifaa.ee\/en\/wp-json\/wp\/v2\/types\/product"}],"wp:featuredmedia":[{"embeddable":true,"href":"https:\/\/fifaa.ee\/en\/wp-json\/wp\/v2\/media\/40870"}],"wp:attachment":[{"href":"https:\/\/fifaa.ee\/en\/wp-json\/wp\/v2\/media?parent=40834"}],"wp:term":[{"taxonomy":"product_brand","embeddable":true,"href":"https:\/\/fifaa.ee\/en\/wp-json\/wp\/v2\/product_brand?post=40834"},{"taxonomy":"product_cat","embeddable":true,"href":"https:\/\/fifaa.ee\/en\/wp-json\/wp\/v2\/product_cat?post=40834"},{"taxonomy":"product_tag","embeddable":true,"href":"https:\/\/fifaa.ee\/en\/wp-json\/wp\/v2\/product_tag?post=40834"}],"curies":[{"name":"wp","href":"https:\/\/api.w.org\/{rel}","templated":true}]}}