{"id":40835,"date":"2025-01-28T17:41:41","date_gmt":"2025-01-28T15:41:41","guid":{"rendered":"https:\/\/fifaa.ee\/?post_type=product&#038;p=40835"},"modified":"2026-04-01T20:49:47","modified_gmt":"2026-04-01T17:49:47","slug":"vinga-kubb-minimang","status":"publish","type":"product","link":"https:\/\/fifaa.ee\/en\/product\/vinga-kubb-minimang\/","title":{"rendered":"VINGA Kubb mini game"},"content":{"rendered":"<p>The mini game kubb is a fun and engaging game, making it the perfect way to spend time with friends and family. This handy mini version of the classic Swedish game Kubb is perfect to take with you and play wherever it suits you. The set includes one king, ten kubbs and six FSC\u00ae certified pinewood throwing pins. The object of the game is to knock down your opponent&#039;s five kubbs and then knock down the king to win the game. The game is conveniently packed in a canvas bag with a mesh back, making it easy to carry. Instructions are included.<\/p>","protected":false},"excerpt":{"rendered":"<p>Minim\u00e4ng kubb on l\u00f5bus ja kaasahaarav m\u00e4ng, mis muudab selle ideaalseks vaba aja veetmiseks s\u00f5pradele ja perele. See mugav miniversioon klassikalisest Rootsi m\u00e4ngust Kubb on ideaalne kaasav\u00f5tmiseks ja m\u00e4ngimiseks k\u00f5ikjal, kus see teile sobib. Komplekti kuulub \u00fcks kuningas, k\u00fcmme kubbit ja kuus FSC\u00ae sertifitseeritud m\u00e4nnipuidust visketihvti. M\u00e4ngu eesm\u00e4rk on l\u00fc\u00fca maha vastase viis kubbit ja [&hellip;]<\/p>\n","protected":false},"featured_media":40872,"template":"","meta":{"_acf_changed":false},"product_brand":[],"product_cat":[571],"product_tag":[],"class_list":{"0":"post-40835","1":"product","2":"type-product","3":"status-publish","4":"has-post-thumbnail","6":"product_cat-vabaaeg-ja-sport","7":"pa_varv-pruun","9":"first","10":"instock","11":"taxable","12":"shipping-taxable","13":"purchasable","14":"product-type-variable","15":"has-default-attributes"},"acf":[],"_links":{"self":[{"href":"https:\/\/fifaa.ee\/en\/wp-json\/wp\/v2\/product\/40835","targetHints":{"allow":["GET"]}}],"collection":[{"href":"https:\/\/fifaa.ee\/en\/wp-json\/wp\/v2\/product"}],"about":[{"href":"https:\/\/fifaa.ee\/en\/wp-json\/wp\/v2\/types\/product"}],"wp:featuredmedia":[{"embeddable":true,"href":"https:\/\/fifaa.ee\/en\/wp-json\/wp\/v2\/media\/40872"}],"wp:attachment":[{"href":"https:\/\/fifaa.ee\/en\/wp-json\/wp\/v2\/media?parent=40835"}],"wp:term":[{"taxonomy":"product_brand","embeddable":true,"href":"https:\/\/fifaa.ee\/en\/wp-json\/wp\/v2\/product_brand?post=40835"},{"taxonomy":"product_cat","embeddable":true,"href":"https:\/\/fifaa.ee\/en\/wp-json\/wp\/v2\/product_cat?post=40835"},{"taxonomy":"product_tag","embeddable":true,"href":"https:\/\/fifaa.ee\/en\/wp-json\/wp\/v2\/product_tag?post=40835"}],"curies":[{"name":"wp","href":"https:\/\/api.w.org\/{rel}","templated":true}]}}