{"id":40836,"date":"2025-01-28T17:41:41","date_gmt":"2025-01-28T15:41:41","guid":{"rendered":"https:\/\/fifaa.ee\/?post_type=product&#038;p=40836"},"modified":"2026-04-01T20:49:47","modified_gmt":"2026-04-01T17:49:47","slug":"vinga-alba-grs-rpet-piknikutekk-suur","status":"publish","type":"product","link":"https:\/\/fifaa.ee\/en\/product\/vinga-alba-grs-rpet-piknikutekk-suur\/","title":{"rendered":"VINGA Alba GRS RPET picnic blanket large"},"content":{"rendered":"<p>Picnic blanket in soft fleece with cotton canvas and PU details. The clever design makes it easy to fold and take with you. The fleece is made from GRS-certified recycled PET. The back is made from PEVA, which repels water. GRS (Global Recycled Standard) certified GRS certification ensures that the entire recycled material supply chain is certified. The total recycled content is based on the total weight of the product. This product contains 54% GRS recycled fleece.<\/p>","protected":false},"excerpt":{"rendered":"<p>Piknikutekk pehmest fliisist puuvillase l\u00f5uendi ja PU detailidega. Nutikas konstruktsioon muudab selle h\u00f5lpsaks kokku voltimise ja kaasa v\u00f5tmise. Fliis on valmistatud GRS-sertifikaadiga taaskasutatud PET-st. Seljaosa on valmistatud PEVA-st, mis t\u00f5rjub vett. GRS-i (Global Recycled Standard) sertifitseeritud GRS-sertifikaat tagab, et kogu taaskasutatud materjalide tarneahel on sertifitseeritud. Taaskasutatud kogusisaldus p\u00f5hineb toote kogukaalul. See toode sisaldab 54% GRS-i [&hellip;]<\/p>\n","protected":false},"featured_media":40882,"template":"","meta":{"_acf_changed":false},"product_brand":[],"product_cat":[574,571],"product_tag":[659],"class_list":{"0":"post-40836","1":"product","2":"type-product","3":"status-publish","4":"has-post-thumbnail","6":"product_cat-pikniku-ja-grilli-tarbed","7":"product_cat-vabaaeg-ja-sport","8":"product_tag-more-colors","9":"pa_varv-must","10":"pa_varv-pruun","11":"pa_varv-sinine","13":"first","14":"instock","15":"taxable","16":"shipping-taxable","17":"purchasable","18":"product-type-variable","19":"has-default-attributes"},"acf":[],"_links":{"self":[{"href":"https:\/\/fifaa.ee\/en\/wp-json\/wp\/v2\/product\/40836","targetHints":{"allow":["GET"]}}],"collection":[{"href":"https:\/\/fifaa.ee\/en\/wp-json\/wp\/v2\/product"}],"about":[{"href":"https:\/\/fifaa.ee\/en\/wp-json\/wp\/v2\/types\/product"}],"wp:featuredmedia":[{"embeddable":true,"href":"https:\/\/fifaa.ee\/en\/wp-json\/wp\/v2\/media\/40882"}],"wp:attachment":[{"href":"https:\/\/fifaa.ee\/en\/wp-json\/wp\/v2\/media?parent=40836"}],"wp:term":[{"taxonomy":"product_brand","embeddable":true,"href":"https:\/\/fifaa.ee\/en\/wp-json\/wp\/v2\/product_brand?post=40836"},{"taxonomy":"product_cat","embeddable":true,"href":"https:\/\/fifaa.ee\/en\/wp-json\/wp\/v2\/product_cat?post=40836"},{"taxonomy":"product_tag","embeddable":true,"href":"https:\/\/fifaa.ee\/en\/wp-json\/wp\/v2\/product_tag?post=40836"}],"curies":[{"name":"wp","href":"https:\/\/api.w.org\/{rel}","templated":true}]}}