{"id":40876,"date":"2025-01-28T17:42:01","date_gmt":"2025-01-28T15:42:01","guid":{"rendered":"https:\/\/fifaa.ee\/?post_type=product&#038;p=40876"},"modified":"2026-04-01T20:50:35","modified_gmt":"2026-04-01T17:50:35","slug":"vinga-arwe-grs-piknikutekk","status":"publish","type":"product","link":"https:\/\/fifaa.ee\/en\/product\/vinga-arwe-grs-piknikutekk\/","title":{"rendered":"VINGA Arwe GRS picnic blanket"},"content":{"rendered":"<p>Enhance your outdoor adventures with this GRS-certified recycled PET picnic blanket. Featuring a soft fleece surface in a vibrant lemon pattern and a comfortable water-repellent PEVA base. The smart design with a cotton canvas flap and long handle makes the blanket easy to fold and carry, making it ideal for both the beach and the park. GRS (Global Recycled Standard) certified, GRS certification ensures that the entire recycled material supply chain is certified. The total recycled content is based on the total weight of the product. This product contains 51% GRS-certified recycled PET.<\/p>","protected":false},"excerpt":{"rendered":"<p>Suurendage oma v\u00e4liseiklusi selle GRS-i sertifikaadiga taaskasutatud PET-piknikutekiga. Pehme fliispinnaga elava sidrunimustri ja mugava vetth\u00fclgava PEVA-alusega. Nutikas disain puuvillasest l\u00f5uendist klapi ja pika k\u00e4epidemega muudab teki h\u00f5lpsaks voltitavaks ja kaasaskandmiseks ning sobib ideaalselt nii randa kui ka parki. GRS-i (Global Recycled Standard) sertifitseeritud GRS-sertifikaat tagab, et kogu taaskasutatud materjalide tarneahel on sertifitseeritud. Taaskasutatud kogusisaldus p\u00f5hineb [&hellip;]<\/p>\n","protected":false},"featured_media":40902,"template":"","meta":{"_acf_changed":false},"product_brand":[],"product_cat":[574,571],"product_tag":[],"class_list":{"0":"post-40876","1":"product","2":"type-product","3":"status-publish","4":"has-post-thumbnail","6":"product_cat-pikniku-ja-grilli-tarbed","7":"product_cat-vabaaeg-ja-sport","8":"pa_varv-kollane","10":"first","11":"instock","12":"taxable","13":"shipping-taxable","14":"purchasable","15":"product-type-variable","16":"has-default-attributes"},"acf":[],"_links":{"self":[{"href":"https:\/\/fifaa.ee\/en\/wp-json\/wp\/v2\/product\/40876","targetHints":{"allow":["GET"]}}],"collection":[{"href":"https:\/\/fifaa.ee\/en\/wp-json\/wp\/v2\/product"}],"about":[{"href":"https:\/\/fifaa.ee\/en\/wp-json\/wp\/v2\/types\/product"}],"wp:featuredmedia":[{"embeddable":true,"href":"https:\/\/fifaa.ee\/en\/wp-json\/wp\/v2\/media\/40902"}],"wp:attachment":[{"href":"https:\/\/fifaa.ee\/en\/wp-json\/wp\/v2\/media?parent=40876"}],"wp:term":[{"taxonomy":"product_brand","embeddable":true,"href":"https:\/\/fifaa.ee\/en\/wp-json\/wp\/v2\/product_brand?post=40876"},{"taxonomy":"product_cat","embeddable":true,"href":"https:\/\/fifaa.ee\/en\/wp-json\/wp\/v2\/product_cat?post=40876"},{"taxonomy":"product_tag","embeddable":true,"href":"https:\/\/fifaa.ee\/en\/wp-json\/wp\/v2\/product_tag?post=40876"}],"curies":[{"name":"wp","href":"https:\/\/api.w.org\/{rel}","templated":true}]}}