{"id":40878,"date":"2025-01-28T17:42:01","date_gmt":"2025-01-28T15:42:01","guid":{"rendered":"https:\/\/fifaa.ee\/?post_type=product&#038;p=40878"},"modified":"2026-04-01T20:50:58","modified_gmt":"2026-04-01T17:50:58","slug":"vinga-volonne-aware-taaskasutatud-louendist-piknikutekk","status":"publish","type":"product","link":"https:\/\/fifaa.ee\/en\/product\/vinga-volonne-aware-taaskasutatud-louendist-piknikutekk\/","title":{"rendered":"VINGA Volonne AWARE\u2122 recycled canvas picnic blanket"},"content":{"rendered":"<p>Sit back and relax on this stylish picnic blanket made from 340gsm recycled canvas. Perfect for sunny days at the park or beach. The picnic blanket comes with a handy pocket and handles for easy carrying. The canvas remains undyed and unbleached, eliminating the environmental impact of chemicals. Made from 70% recycled cotton and 30% recycled polyester, the bag reinforces our commitment to responsible sourcing. Features AWARE\u2122 tracking technology to verify the genuine use of recycled materials. 2% of the proceeds from every product sold is donated to Water.org.<\/p>","protected":false},"excerpt":{"rendered":"<p>Istuge mugavalt sellel stiilsel piknikutekil, mis on valmistatud 340 gsm \u00fcmbert\u00f6\u00f6deldud l\u00f5uendist. Ideaalne p\u00e4ikesepaistelistel p\u00e4evadel pargis v\u00f5i rannas. Piknikutekk on varustatud k\u00e4ep\u00e4rase tasku ja k\u00e4epidemetega, mis h\u00f5lbustavad kaasaskandmist. L\u00f5uend j\u00e4\u00e4b v\u00e4rvimata ja pleegitamata, v\u00e4listades kemikaalide keskkonnam\u00f5ju. 70% taaskasutatud puuvillast ja 30% taaskasutatud pol\u00fcestrist valmistatud kott tugevdab meie p\u00fchendumust vastutustundlikule hankimisele. Sisaldab AWARE\u2122 j\u00e4lgimistehnoloogiat, mis kinnitab [&hellip;]<\/p>\n","protected":false},"featured_media":40908,"template":"","meta":{"_acf_changed":false},"product_brand":[],"product_cat":[574,571],"product_tag":[659],"class_list":{"0":"post-40878","1":"product","2":"type-product","3":"status-publish","4":"has-post-thumbnail","6":"product_cat-pikniku-ja-grilli-tarbed","7":"product_cat-vabaaeg-ja-sport","8":"product_tag-more-colors","9":"pa_varv-sinine","10":"pa_varv-valge-new","12":"first","13":"instock","14":"taxable","15":"shipping-taxable","16":"purchasable","17":"product-type-variable","18":"has-default-attributes"},"acf":[],"_links":{"self":[{"href":"https:\/\/fifaa.ee\/en\/wp-json\/wp\/v2\/product\/40878","targetHints":{"allow":["GET"]}}],"collection":[{"href":"https:\/\/fifaa.ee\/en\/wp-json\/wp\/v2\/product"}],"about":[{"href":"https:\/\/fifaa.ee\/en\/wp-json\/wp\/v2\/types\/product"}],"wp:featuredmedia":[{"embeddable":true,"href":"https:\/\/fifaa.ee\/en\/wp-json\/wp\/v2\/media\/40908"}],"wp:attachment":[{"href":"https:\/\/fifaa.ee\/en\/wp-json\/wp\/v2\/media?parent=40878"}],"wp:term":[{"taxonomy":"product_brand","embeddable":true,"href":"https:\/\/fifaa.ee\/en\/wp-json\/wp\/v2\/product_brand?post=40878"},{"taxonomy":"product_cat","embeddable":true,"href":"https:\/\/fifaa.ee\/en\/wp-json\/wp\/v2\/product_cat?post=40878"},{"taxonomy":"product_tag","embeddable":true,"href":"https:\/\/fifaa.ee\/en\/wp-json\/wp\/v2\/product_tag?post=40878"}],"curies":[{"name":"wp","href":"https:\/\/api.w.org\/{rel}","templated":true}]}}