{"id":40916,"date":"2025-01-28T17:42:28","date_gmt":"2025-01-28T15:42:28","guid":{"rendered":"https:\/\/fifaa.ee\/?post_type=product&#038;p=40916"},"modified":"2026-04-01T20:51:25","modified_gmt":"2026-04-01T17:51:25","slug":"vinga-minton-rcs-taaskasutatud-poluestrist-soojapadi","status":"publish","type":"product","link":"https:\/\/fifaa.ee\/en\/product\/vinga-minton-rcs-taaskasutatud-poluestrist-soojapadi\/","title":{"rendered":"VINGA Minton RCS recycled polyester heat pillow"},"content":{"rendered":"<p>Help your body relax with the Minton heating pad, relieving pain and relieving sore muscles. Thanks to the 45x14 cm size and practical strap on both sides, it is easy to keep it in place, whether on your neck or wherever you feel pain. Heated through a microwave with three channels for even heat distribution. The cover is made of RCS certified recycled polyester with ceramic clay inside. The RCS (Recycled Claim Standard) certified RSC certification ensures that the entire recycled material supply chain is certified. . This shell contains 68% RSC certified recycled polyester.<\/p>","protected":false},"excerpt":{"rendered":"<p>Aidake oma kehal l\u00f5dvestuda Mintoni kuumapadjaga, leevendades valu ja leevendades valulikke lihaseid. T\u00e4nu 45&#215;14 cm suurusele ja praktilisele rihmale m\u00f5lemal k\u00fcljel on seda lihtne paigal hoida, olgu kaelal v\u00f5i k\u00f5ikjal, kus tunnete valu. Kuumutatakse l\u00e4bi mikrolaineahju kolme kanaliga \u00fchtlase soojusjaotuse tagamiseks. Kate on valmistatud RCS sertifikaadiga taaskasutatud pol\u00fcestrist, mille sees on keraamiline savi. RCS (Recycled [&hellip;]<\/p>\n","protected":false},"featured_media":40931,"template":"","meta":{"_acf_changed":false},"product_brand":[],"product_cat":[213,630],"product_tag":[659],"class_list":{"0":"post-40916","1":"product","2":"type-product","3":"status-publish","4":"has-post-thumbnail","6":"product_cat-kodu","7":"product_cat-sisustustooted-ja-aksessuaarid-kodu","8":"product_tag-more-colors","9":"pa_varv-beez","10":"pa_varv-hall","12":"first","13":"instock","14":"taxable","15":"shipping-taxable","16":"purchasable","17":"product-type-variable","18":"has-default-attributes"},"acf":[],"_links":{"self":[{"href":"https:\/\/fifaa.ee\/en\/wp-json\/wp\/v2\/product\/40916","targetHints":{"allow":["GET"]}}],"collection":[{"href":"https:\/\/fifaa.ee\/en\/wp-json\/wp\/v2\/product"}],"about":[{"href":"https:\/\/fifaa.ee\/en\/wp-json\/wp\/v2\/types\/product"}],"wp:featuredmedia":[{"embeddable":true,"href":"https:\/\/fifaa.ee\/en\/wp-json\/wp\/v2\/media\/40931"}],"wp:attachment":[{"href":"https:\/\/fifaa.ee\/en\/wp-json\/wp\/v2\/media?parent=40916"}],"wp:term":[{"taxonomy":"product_brand","embeddable":true,"href":"https:\/\/fifaa.ee\/en\/wp-json\/wp\/v2\/product_brand?post=40916"},{"taxonomy":"product_cat","embeddable":true,"href":"https:\/\/fifaa.ee\/en\/wp-json\/wp\/v2\/product_cat?post=40916"},{"taxonomy":"product_tag","embeddable":true,"href":"https:\/\/fifaa.ee\/en\/wp-json\/wp\/v2\/product_tag?post=40916"}],"curies":[{"name":"wp","href":"https:\/\/api.w.org\/{rel}","templated":true}]}}