{"id":40920,"date":"2025-01-28T17:42:28","date_gmt":"2025-01-28T15:42:28","guid":{"rendered":"https:\/\/fifaa.ee\/?post_type=product&#038;p=40920"},"modified":"2026-04-01T20:51:46","modified_gmt":"2026-04-01T17:51:46","slug":"vinga-nauro-rcs-taaskasutatud-abs-laualamp","status":"publish","type":"product","link":"https:\/\/fifaa.ee\/en\/product\/vinga-nauro-rcs-taaskasutatud-abs-laualamp\/","title":{"rendered":"VINGA Nauro RCS recycled ABS table lamp"},"content":{"rendered":"<p>Brighten up your space with the Nauro RCS table lamp. With an iron accent made from recycled plastic, it is both stylish and practical. This lamp provides up to 20 hours of light depending on the brightness level. It has two main lighting modes, cool white light and warm white light, and has an adjustable brightness of your choice. Simply tap the top to turn the light on and off. Rechargeable via USB-C, cable included. Charging time approx. 5h. RCS (Recycled Claim Standard) certified RCS certification ensures that the entire recycled material supply chain is certified. Total recycled content is based on the total weight of the product. This product contains 10% RCS certified recycled ABS.<\/p>","protected":false},"excerpt":{"rendered":"<p>Muutke oma ruumi heledamaks Nauro RCS laualambiga. Taaskasutatud plastist valmistatud rauaaktsendiga see on \u00fchtaegu stiilne ja praktiline. See lamp valgustab olenevalt heleduse tasemest kuni 20 tundi. Sellel on kaks peamist valgustusre\u017eiimi, k\u00fclm valge valgus ja soe valge valgus, ning sellel on teie valikul reguleeritav heledus. Valguse sisse- ja v\u00e4ljal\u00fclitamiseks puudutage lihtsalt \u00fclaosa. Taaslaetav USB-C kaudu, [&hellip;]<\/p>\n","protected":false},"featured_media":40957,"template":"","meta":{"_acf_changed":false},"product_brand":[],"product_cat":[638,577],"product_tag":[659],"class_list":{"0":"post-40920","1":"product","2":"type-product","3":"status-publish","4":"has-post-thumbnail","6":"product_cat-laualambid","7":"product_cat-tooriistad-ja-taskulambid","8":"product_tag-more-colors","9":"pa_varv-hall","11":"first","12":"instock","13":"taxable","14":"shipping-taxable","15":"purchasable","16":"product-type-variable","17":"has-default-attributes"},"acf":[],"_links":{"self":[{"href":"https:\/\/fifaa.ee\/en\/wp-json\/wp\/v2\/product\/40920","targetHints":{"allow":["GET"]}}],"collection":[{"href":"https:\/\/fifaa.ee\/en\/wp-json\/wp\/v2\/product"}],"about":[{"href":"https:\/\/fifaa.ee\/en\/wp-json\/wp\/v2\/types\/product"}],"wp:featuredmedia":[{"embeddable":true,"href":"https:\/\/fifaa.ee\/en\/wp-json\/wp\/v2\/media\/40957"}],"wp:attachment":[{"href":"https:\/\/fifaa.ee\/en\/wp-json\/wp\/v2\/media?parent=40920"}],"wp:term":[{"taxonomy":"product_brand","embeddable":true,"href":"https:\/\/fifaa.ee\/en\/wp-json\/wp\/v2\/product_brand?post=40920"},{"taxonomy":"product_cat","embeddable":true,"href":"https:\/\/fifaa.ee\/en\/wp-json\/wp\/v2\/product_cat?post=40920"},{"taxonomy":"product_tag","embeddable":true,"href":"https:\/\/fifaa.ee\/en\/wp-json\/wp\/v2\/product_tag?post=40920"}],"curies":[{"name":"wp","href":"https:\/\/api.w.org\/{rel}","templated":true}]}}