{"id":40921,"date":"2025-01-28T17:42:28","date_gmt":"2025-01-28T15:42:28","guid":{"rendered":"https:\/\/fifaa.ee\/?post_type=product&#038;p=40921"},"modified":"2026-04-01T20:52:06","modified_gmt":"2026-04-01T17:52:06","slug":"vinga-narni-rcs-taaskasutatud-abs-latern","status":"publish","type":"product","link":"https:\/\/fifaa.ee\/en\/product\/vinga-narni-rcs-taaskasutatud-abs-latern\/","title":{"rendered":"VINGA Narni RCS recycled ABS lantern"},"content":{"rendered":"<p>This portable modern lantern adapts to any occasion. This lamp provides a comfortable warm white light with two light modes. Adjust the brightness with just one touch. With a convenient PU strap, it is easy to take it with you on a picnic, in the garden or wherever you want to add that extra touch. The stylish design makes it look decorative. This lamp illuminates for up to 10 hours. Made of recycled ABS and acacia wood. Rechargeable via USB-C, cable included. RCS (Recycled Claim Standard) certified RCS certification ensures that the entire recycled material supply chain is certified. Total recycled content is based on the total weight of the product. This product contains 42% RCS certified recycled ABS.<\/p>","protected":false},"excerpt":{"rendered":"<p>See kaasaskantav kaasaegne latern kohandub igaks juhuks. See lamp pakub mugavat sooja valget valgust kahe valgusre\u017eiimiga. Reguleerige heledust lihtsalt \u00fche puudutusega. Mugava PU-rihmaga on seda lihtne kaasa v\u00f5tta piknikule, aeda v\u00f5i kuhu iganes soovite seda lisapuudust lisada. Stiilne disain muudab selle dekoratiivse ilme. See lamp valgustab kuni 10 tundi. Valmistatud taaskasutatud ABS-ist ja akaatsiapuidust. Taaslaetav [&hellip;]<\/p>\n","protected":false},"featured_media":40968,"template":"","meta":{"_acf_changed":false},"product_brand":[],"product_cat":[638,577],"product_tag":[],"class_list":{"0":"post-40921","1":"product","2":"type-product","3":"status-publish","4":"has-post-thumbnail","6":"product_cat-laualambid","7":"product_cat-tooriistad-ja-taskulambid","8":"pa_varv-pruun","10":"first","11":"instock","12":"taxable","13":"shipping-taxable","14":"purchasable","15":"product-type-variable","16":"has-default-attributes"},"acf":[],"_links":{"self":[{"href":"https:\/\/fifaa.ee\/en\/wp-json\/wp\/v2\/product\/40921","targetHints":{"allow":["GET"]}}],"collection":[{"href":"https:\/\/fifaa.ee\/en\/wp-json\/wp\/v2\/product"}],"about":[{"href":"https:\/\/fifaa.ee\/en\/wp-json\/wp\/v2\/types\/product"}],"wp:featuredmedia":[{"embeddable":true,"href":"https:\/\/fifaa.ee\/en\/wp-json\/wp\/v2\/media\/40968"}],"wp:attachment":[{"href":"https:\/\/fifaa.ee\/en\/wp-json\/wp\/v2\/media?parent=40921"}],"wp:term":[{"taxonomy":"product_brand","embeddable":true,"href":"https:\/\/fifaa.ee\/en\/wp-json\/wp\/v2\/product_brand?post=40921"},{"taxonomy":"product_cat","embeddable":true,"href":"https:\/\/fifaa.ee\/en\/wp-json\/wp\/v2\/product_cat?post=40921"},{"taxonomy":"product_tag","embeddable":true,"href":"https:\/\/fifaa.ee\/en\/wp-json\/wp\/v2\/product_tag?post=40921"}],"curies":[{"name":"wp","href":"https:\/\/api.w.org\/{rel}","templated":true}]}}