{"id":40922,"date":"2025-01-28T17:42:28","date_gmt":"2025-01-28T15:42:28","guid":{"rendered":"https:\/\/fifaa.ee\/?post_type=product&#038;p=40922"},"modified":"2026-04-01T20:52:06","modified_gmt":"2026-04-01T17:52:06","slug":"vinga-marlow-rcs-taaskasutatud-poluestrist-tualett-tarvete-kott","status":"publish","type":"product","link":"https:\/\/fifaa.ee\/en\/product\/vinga-marlow-rcs-taaskasutatud-poluestrist-tualett-tarvete-kott\/","title":{"rendered":"VINGA Marlow RCS recycled polyester toiletry bag"},"content":{"rendered":"<p>The Marlow RCS Certified Recycled Polyester Toiletry Bag is a timeless, soft yet durable toiletry bag designed to hold all your travel essentials and add an elegant touch to your bathroom shelf at home. Its convenient side handle allows for easy carrying, while the zip top ensures a secure closure. Equipped with a single zipped inner pocket, perfect for organising your essentials. The Marlow range is made from recycled faux suede, with PU details and a recycled polyester lining. Finished with elegant silver hardware. RCS (Recycled Claim Standard) certified RSC certification ensures that the entire recycled material supply chain is certified. Total recycled content is based on the total weight of the product. This product contains 45% RCS certified recycled polyester.<\/p>","protected":false},"excerpt":{"rendered":"<p>Marlow RCS-sertifikaadiga taaskasutatud pol\u00fcestrist tualett-tarvete kott on ajatu, pehme, kuid vastupidav tualett-tarvete kott, mis on loodud selleks, et hoida reisil k\u00f5iki vajalikke asju ja lisada teie vannitoa riiulile kodus elegantne h\u00f5ng. Selle mugav k\u00fclgk\u00e4epide v\u00f5imaldab h\u00f5lpsat kaasaskandmist, samas kui t\u00f5mblukuga \u00fclaosa tagab turvalise sulgemise. Varustatud \u00fche lukuga sisetaskuga, mis sobib suurep\u00e4raselt oma h\u00e4davajalike asjade korraldamiseks. [&hellip;]<\/p>\n","protected":false},"featured_media":40970,"template":"","meta":{"_acf_changed":false},"product_brand":[],"product_cat":[627],"product_tag":[659],"class_list":{"0":"post-40922","1":"product","2":"type-product","3":"status-publish","4":"has-post-thumbnail","6":"product_cat-reisikotid","7":"product_tag-more-colors","8":"pa_varv-must","9":"pa_varv-roheline","11":"first","12":"instock","13":"taxable","14":"shipping-taxable","15":"purchasable","16":"product-type-variable","17":"has-default-attributes"},"acf":[],"_links":{"self":[{"href":"https:\/\/fifaa.ee\/en\/wp-json\/wp\/v2\/product\/40922","targetHints":{"allow":["GET"]}}],"collection":[{"href":"https:\/\/fifaa.ee\/en\/wp-json\/wp\/v2\/product"}],"about":[{"href":"https:\/\/fifaa.ee\/en\/wp-json\/wp\/v2\/types\/product"}],"wp:featuredmedia":[{"embeddable":true,"href":"https:\/\/fifaa.ee\/en\/wp-json\/wp\/v2\/media\/40970"}],"wp:attachment":[{"href":"https:\/\/fifaa.ee\/en\/wp-json\/wp\/v2\/media?parent=40922"}],"wp:term":[{"taxonomy":"product_brand","embeddable":true,"href":"https:\/\/fifaa.ee\/en\/wp-json\/wp\/v2\/product_brand?post=40922"},{"taxonomy":"product_cat","embeddable":true,"href":"https:\/\/fifaa.ee\/en\/wp-json\/wp\/v2\/product_cat?post=40922"},{"taxonomy":"product_tag","embeddable":true,"href":"https:\/\/fifaa.ee\/en\/wp-json\/wp\/v2\/product_tag?post=40922"}],"curies":[{"name":"wp","href":"https:\/\/api.w.org\/{rel}","templated":true}]}}