{"id":40959,"date":"2025-01-28T17:42:48","date_gmt":"2025-01-28T15:42:48","guid":{"rendered":"https:\/\/fifaa.ee\/?post_type=product&#038;p=40959"},"modified":"2026-04-01T20:52:33","modified_gmt":"2026-04-01T17:52:33","slug":"vinga-livorno-grs-taaskasutatud-poluestrist-tualett-tarvete-kott","status":"publish","type":"product","link":"https:\/\/fifaa.ee\/en\/product\/vinga-livorno-grs-taaskasutatud-poluestrist-tualett-tarvete-kott\/","title":{"rendered":"VINGA Livorno GRS recycled polyester toiletry bag"},"content":{"rendered":"<p>The perfect travel accessory, this toiletry bag is made from ultra-lightweight GRS-certified polyester with a sleek PU coating. Convenient side handle and interior pocket for your essentials. Not only are these versatile bags easy to carry, they are also designed to fold compactly and fit in your luggage, providing convenient extra storage without weighing you down. GRS (Global Recycled Standard) certification ensures that the entire recycled content supply chain is certified. Total recycled content is based on the total weight of the product. This product contains 65% GRS-certified recycled polyester.<\/p>","protected":false},"excerpt":{"rendered":"<p>T\u00e4iuslik reisitarvik, see tualett-tarvete kott on valmistatud \u00fclikergest GRS-sertifikaadiga pol\u00fcestrist, millel on klanitud PU-kate. Mugav k\u00fcljek\u00e4epide ja sisetasku teie jaoks vajalike asjade jaoks. Neid mitmek\u00fclgseid kotte ei ole mitte ainult lihtne kaasas kanda, vaid need on m\u00f5eldud ka kompaktseks kokkuklappimiseks ja pagasis hoidmiseks, pakkudes mugavat t\u00e4iendavat hoiustamist ilma teid koormamata. GRS-i (Global Recycled Standard) sertifikaat [&hellip;]<\/p>\n","protected":false},"featured_media":40978,"template":"","meta":{"_acf_changed":false},"product_brand":[],"product_cat":[627],"product_tag":[],"class_list":{"0":"post-40959","1":"product","2":"type-product","3":"status-publish","4":"has-post-thumbnail","6":"product_cat-reisikotid","7":"pa_varv-must","9":"first","10":"instock","11":"taxable","12":"shipping-taxable","13":"purchasable","14":"product-type-variable","15":"has-default-attributes"},"acf":[],"_links":{"self":[{"href":"https:\/\/fifaa.ee\/en\/wp-json\/wp\/v2\/product\/40959","targetHints":{"allow":["GET"]}}],"collection":[{"href":"https:\/\/fifaa.ee\/en\/wp-json\/wp\/v2\/product"}],"about":[{"href":"https:\/\/fifaa.ee\/en\/wp-json\/wp\/v2\/types\/product"}],"wp:featuredmedia":[{"embeddable":true,"href":"https:\/\/fifaa.ee\/en\/wp-json\/wp\/v2\/media\/40978"}],"wp:attachment":[{"href":"https:\/\/fifaa.ee\/en\/wp-json\/wp\/v2\/media?parent=40959"}],"wp:term":[{"taxonomy":"product_brand","embeddable":true,"href":"https:\/\/fifaa.ee\/en\/wp-json\/wp\/v2\/product_brand?post=40959"},{"taxonomy":"product_cat","embeddable":true,"href":"https:\/\/fifaa.ee\/en\/wp-json\/wp\/v2\/product_cat?post=40959"},{"taxonomy":"product_tag","embeddable":true,"href":"https:\/\/fifaa.ee\/en\/wp-json\/wp\/v2\/product_tag?post=40959"}],"curies":[{"name":"wp","href":"https:\/\/api.w.org\/{rel}","templated":true}]}}