{"id":40960,"date":"2025-01-28T17:42:48","date_gmt":"2025-01-28T15:42:48","guid":{"rendered":"https:\/\/fifaa.ee\/?post_type=product&#038;p=40960"},"modified":"2026-04-01T20:52:55","modified_gmt":"2026-04-01T17:52:55","slug":"vinga-sortino-rcs-tualett-tarvete-kott","status":"publish","type":"product","link":"https:\/\/fifaa.ee\/en\/product\/vinga-sortino-rcs-tualett-tarvete-kott\/","title":{"rendered":"VINGA Sortino RCS toiletry bag"},"content":{"rendered":"<p>Take your travel essentials to the next level with this simple yet stylish toiletry bag. Made from RCS-certified recycled polyester, the bag combines practicality with refined design with contrasting details. The top handle, secured with a snap button, doubles as a convenient hanging loop. A smooth top zipper provides easy access to the main compartment, while an open interior pocket keeps your essentials organized. RCS (Recycled Claim Standard), RCS certification guarantees that the entire recycled content supply chain is certified. The total recycled content is based on the total weight of the product. This product contains 24% RCS-certified recycled polyester.<\/p>","protected":false},"excerpt":{"rendered":"<p>Selle lihtsa, kuid stiilse tualett-tarvete kotiga t\u00f5stke oma reisitarbed k\u00f5rgemale. RCS-sertifikaadiga taaskasutatud pol\u00fcestrist valmistatud kontrastsete detailidega kott \u00fchendab praktilisuse ja rafineeritud disaini. \u00dclemine k\u00e4epide, mis on kinnitatud kl\u00f5psnupuga, toimib mugava riputusaasa. Sujuv t\u00f5mblukk \u00fclaosas tagab lihtsa juurdep\u00e4\u00e4su p\u00f5hisahtlile, avatud sisetasku aga hoiab teie olulised asjad korras. RCS (Recycled Claim Standard), RCS-sertifikaat garanteerib, et kogu taaskasutatud [&hellip;]<\/p>\n","protected":false},"featured_media":40980,"template":"","meta":{"_acf_changed":false},"product_brand":[],"product_cat":[627],"product_tag":[659],"class_list":{"0":"post-40960","1":"product","2":"type-product","3":"status-publish","4":"has-post-thumbnail","6":"product_cat-reisikotid","7":"product_tag-more-colors","8":"pa_varv-hall","9":"pa_varv-must","10":"pa_varv-sinine","12":"first","13":"instock","14":"taxable","15":"shipping-taxable","16":"purchasable","17":"product-type-variable","18":"has-default-attributes"},"acf":[],"_links":{"self":[{"href":"https:\/\/fifaa.ee\/en\/wp-json\/wp\/v2\/product\/40960","targetHints":{"allow":["GET"]}}],"collection":[{"href":"https:\/\/fifaa.ee\/en\/wp-json\/wp\/v2\/product"}],"about":[{"href":"https:\/\/fifaa.ee\/en\/wp-json\/wp\/v2\/types\/product"}],"wp:featuredmedia":[{"embeddable":true,"href":"https:\/\/fifaa.ee\/en\/wp-json\/wp\/v2\/media\/40980"}],"wp:attachment":[{"href":"https:\/\/fifaa.ee\/en\/wp-json\/wp\/v2\/media?parent=40960"}],"wp:term":[{"taxonomy":"product_brand","embeddable":true,"href":"https:\/\/fifaa.ee\/en\/wp-json\/wp\/v2\/product_brand?post=40960"},{"taxonomy":"product_cat","embeddable":true,"href":"https:\/\/fifaa.ee\/en\/wp-json\/wp\/v2\/product_cat?post=40960"},{"taxonomy":"product_tag","embeddable":true,"href":"https:\/\/fifaa.ee\/en\/wp-json\/wp\/v2\/product_tag?post=40960"}],"curies":[{"name":"wp","href":"https:\/\/api.w.org\/{rel}","templated":true}]}}