{"id":40961,"date":"2025-01-28T17:42:48","date_gmt":"2025-01-28T15:42:48","guid":{"rendered":"https:\/\/fifaa.ee\/?post_type=product&#038;p=40961"},"modified":"2026-04-01T20:52:55","modified_gmt":"2026-04-01T17:52:55","slug":"vinga-bermond-rcs-taaskasutatud-pu-nadalavahetusekott","status":"publish","type":"product","link":"https:\/\/fifaa.ee\/en\/product\/vinga-bermond-rcs-taaskasutatud-pu-nadalavahetusekott\/","title":{"rendered":"VINGA Bermond RCS recycled PU weekend bag"},"content":{"rendered":"<p>A stylish and sophisticated weekend bag. The exterior of the bag is made from recycled PU according to RCS standards, the inner lining is also made from recycled materials. Zippers run along the short ends, creating wide access to the bag, making it easy to change. A comfortable handle and adjustable shoulder strap make it versatile for any trip. RCS (Recycled Claim Standard) certified RSC certification ensures that the entire recycled material supply chain is certified. The total recycled content is based on the total weight of the product. This product contains 24% RCS certified recycled polyester and 7% RCS certified recycled PU.<\/p>","protected":false},"excerpt":{"rendered":"<p>Stiilse ja peene disainiga n\u00e4dalavahetusekott. Koti v\u00e4lisk\u00fclg on valmistatud \u00fcmbert\u00f6\u00f6deldud PU-st vastavalt RCS standarditele, sisevooder on samuti taaskasutatud materjalidest. L\u00fchikestel otsk\u00fclgedel jooksevad t\u00f5mblukud, mis loovad kotile laia juurdep\u00e4\u00e4su, mis muudab selle h\u00f5lpsamaks muutmise. Mugav k\u00e4epide ja reguleeritav \u00f5larihm muudavad selle mitmek\u00fclgseks igaks reisiks. RCS (Recycled Claim Standard) sertifitseeritud RSC sertifikaat tagab, et kogu taaskasutatud materjalide [&hellip;]<\/p>\n","protected":false},"featured_media":40986,"template":"","meta":{"_acf_changed":false},"product_brand":[],"product_cat":[232,645],"product_tag":[659],"class_list":{"0":"post-40961","1":"product","2":"type-product","3":"status-publish","4":"has-post-thumbnail","6":"product_cat-kotid","7":"product_cat-spordikott","8":"product_tag-more-colors","9":"pa_varv-must","10":"pa_varv-pruun","12":"first","13":"instock","14":"taxable","15":"shipping-taxable","16":"purchasable","17":"product-type-variable","18":"has-default-attributes"},"acf":[],"_links":{"self":[{"href":"https:\/\/fifaa.ee\/en\/wp-json\/wp\/v2\/product\/40961","targetHints":{"allow":["GET"]}}],"collection":[{"href":"https:\/\/fifaa.ee\/en\/wp-json\/wp\/v2\/product"}],"about":[{"href":"https:\/\/fifaa.ee\/en\/wp-json\/wp\/v2\/types\/product"}],"wp:featuredmedia":[{"embeddable":true,"href":"https:\/\/fifaa.ee\/en\/wp-json\/wp\/v2\/media\/40986"}],"wp:attachment":[{"href":"https:\/\/fifaa.ee\/en\/wp-json\/wp\/v2\/media?parent=40961"}],"wp:term":[{"taxonomy":"product_brand","embeddable":true,"href":"https:\/\/fifaa.ee\/en\/wp-json\/wp\/v2\/product_brand?post=40961"},{"taxonomy":"product_cat","embeddable":true,"href":"https:\/\/fifaa.ee\/en\/wp-json\/wp\/v2\/product_cat?post=40961"},{"taxonomy":"product_tag","embeddable":true,"href":"https:\/\/fifaa.ee\/en\/wp-json\/wp\/v2\/product_tag?post=40961"}],"curies":[{"name":"wp","href":"https:\/\/api.w.org\/{rel}","templated":true}]}}