{"id":40962,"date":"2025-01-28T17:42:48","date_gmt":"2025-01-28T15:42:48","guid":{"rendered":"https:\/\/fifaa.ee\/?post_type=product&#038;p=40962"},"modified":"2026-04-01T20:53:21","modified_gmt":"2026-04-01T17:53:21","slug":"vinga-marlow-rcs-taaskasutatud-poluestrist-nadalavahetusekott","status":"publish","type":"product","link":"https:\/\/fifaa.ee\/en\/product\/vinga-marlow-rcs-taaskasutatud-poluestrist-nadalavahetusekott\/","title":{"rendered":"VINGA Marlow RCS recycled polyester weekend bag"},"content":{"rendered":"<p>Travel in style with the Marlow RCS Certified Recycled Polyester Weekend Bag. Stay organised on the go with this weekend bag designed for a 2-3 day weekend or business trip. It features one zipped inner pocket and a zipped outer pocket. Equipped with a removable and adjustable shoulder strap. The Marlow range is made from recycled faux suede with PU details and a recycled polyester lining. Finished with elegant silver hardware. The RCS (Recycled Claim Standard) certified RSC certification ensures that the entire recycled content supply chain is certified. The total recycled content is based on the total weight of the product. This product contains 43% RCS Certified Recycled Polyester and 3% RCS Certified Recycled Polyurethane.<\/p>","protected":false},"excerpt":{"rendered":"<p>Reisige stiilselt Marlow RCS-sertifikaadiga taaskasutatud pol\u00fcestrist n\u00e4dalavahetuse kotiga. Olge liikvel olles organiseeritud selle n\u00e4dalavahetuse kotiga, mis on m\u00f5eldud 2\u20133-p\u00e4evaseks n\u00e4dalavahetuseks v\u00f5i \u00e4rireisiks. Sellel on \u00fcks lukuga kinnitatud sisetasku ja lukuga v\u00e4listasku. Varustatud eemaldatava ja reguleeritava \u00f5larihmaga. Marlow sari on valmistatud taaskasutatud kunstseemisnahast, PU detailidega ja vooderdatud taaskasutatud pol\u00fcestrist. Viimistletud elegantse h\u00f5bedase riistvaraga. RCS (Recycled Claim [&hellip;]<\/p>\n","protected":false},"featured_media":40990,"template":"","meta":{"_acf_changed":false},"product_brand":[],"product_cat":[232,645],"product_tag":[659],"class_list":{"0":"post-40962","1":"product","2":"type-product","3":"status-publish","4":"has-post-thumbnail","6":"product_cat-kotid","7":"product_cat-spordikott","8":"product_tag-more-colors","9":"pa_varv-must","10":"pa_varv-roheline","12":"first","13":"instock","14":"taxable","15":"shipping-taxable","16":"purchasable","17":"product-type-variable","18":"has-default-attributes"},"acf":[],"_links":{"self":[{"href":"https:\/\/fifaa.ee\/en\/wp-json\/wp\/v2\/product\/40962","targetHints":{"allow":["GET"]}}],"collection":[{"href":"https:\/\/fifaa.ee\/en\/wp-json\/wp\/v2\/product"}],"about":[{"href":"https:\/\/fifaa.ee\/en\/wp-json\/wp\/v2\/types\/product"}],"wp:featuredmedia":[{"embeddable":true,"href":"https:\/\/fifaa.ee\/en\/wp-json\/wp\/v2\/media\/40990"}],"wp:attachment":[{"href":"https:\/\/fifaa.ee\/en\/wp-json\/wp\/v2\/media?parent=40962"}],"wp:term":[{"taxonomy":"product_brand","embeddable":true,"href":"https:\/\/fifaa.ee\/en\/wp-json\/wp\/v2\/product_brand?post=40962"},{"taxonomy":"product_cat","embeddable":true,"href":"https:\/\/fifaa.ee\/en\/wp-json\/wp\/v2\/product_cat?post=40962"},{"taxonomy":"product_tag","embeddable":true,"href":"https:\/\/fifaa.ee\/en\/wp-json\/wp\/v2\/product_tag?post=40962"}],"curies":[{"name":"wp","href":"https:\/\/api.w.org\/{rel}","templated":true}]}}