{"id":40964,"date":"2025-01-28T17:42:48","date_gmt":"2025-01-28T15:42:48","guid":{"rendered":"https:\/\/fifaa.ee\/?post_type=product&#038;p=40964"},"modified":"2026-04-01T20:53:56","modified_gmt":"2026-04-01T17:53:56","slug":"vinga-baltimore-rcs-24h-nadalavahetusekott","status":"publish","type":"product","link":"https:\/\/fifaa.ee\/en\/product\/vinga-baltimore-rcs-24h-nadalavahetusekott\/","title":{"rendered":"VINGA Baltimore RCS 24h weekend bag"},"content":{"rendered":"<p>A travel-sized weekend bag made from partially RCS-certified recycled polyester with a smooth PU coating. Designed to hold everything you need for a 1-2 night getaway. Simply attach your bag to your trolley using the clever 2-in-1 zip pocket. It has both comfortable carrying straps and a removable, adjustable shoulder strap. A smaller zip pocket inside for your essentials. RCS (Recycled Claim Standard) certified RCS certification ensures that the entire recycled content supply chain is certified. The total recycled content is based on the total weight of the product. This product contains 20% RCS-certified recycled polyester.<\/p>","protected":false},"excerpt":{"rendered":"<p>Reisisuuruses n\u00e4dalavahetusekott, mis on valmistatud osaliselt RCS-sertifikaadiga taaskasutatud pol\u00fcestrist ja millel on sile PU-kate. M\u00f5eldud mahutama k\u00f5ike, mida vajate 1-2 \u00f6\u00f6seks puhkuseks. Kinnitage oma kott lihtsalt k\u00e4ru k\u00fclge nutika kaks-\u00fches lukuga tasku abil. Sellel on nii mugavad kanderihmad kui ka eemaldatav reguleeritav \u00f5larihm. Sees v\u00e4iksem t\u00f5mblukuga tasku k\u00f5ige olulisemate asjade jaoks. RCS-i (Recycled Claim Standard) [&hellip;]<\/p>\n","protected":false},"featured_media":41001,"template":"","meta":{"_acf_changed":false},"product_brand":[],"product_cat":[232,645],"product_tag":[659],"class_list":{"0":"post-40964","1":"product","2":"type-product","3":"status-publish","4":"has-post-thumbnail","6":"product_cat-kotid","7":"product_cat-spordikott","8":"product_tag-more-colors","9":"pa_varv-must","10":"pa_varv-roheline","11":"pa_varv-sinine","13":"first","14":"instock","15":"taxable","16":"shipping-taxable","17":"purchasable","18":"product-type-variable","19":"has-default-attributes"},"acf":[],"_links":{"self":[{"href":"https:\/\/fifaa.ee\/en\/wp-json\/wp\/v2\/product\/40964","targetHints":{"allow":["GET"]}}],"collection":[{"href":"https:\/\/fifaa.ee\/en\/wp-json\/wp\/v2\/product"}],"about":[{"href":"https:\/\/fifaa.ee\/en\/wp-json\/wp\/v2\/types\/product"}],"wp:featuredmedia":[{"embeddable":true,"href":"https:\/\/fifaa.ee\/en\/wp-json\/wp\/v2\/media\/41001"}],"wp:attachment":[{"href":"https:\/\/fifaa.ee\/en\/wp-json\/wp\/v2\/media?parent=40964"}],"wp:term":[{"taxonomy":"product_brand","embeddable":true,"href":"https:\/\/fifaa.ee\/en\/wp-json\/wp\/v2\/product_brand?post=40964"},{"taxonomy":"product_cat","embeddable":true,"href":"https:\/\/fifaa.ee\/en\/wp-json\/wp\/v2\/product_cat?post=40964"},{"taxonomy":"product_tag","embeddable":true,"href":"https:\/\/fifaa.ee\/en\/wp-json\/wp\/v2\/product_tag?post=40964"}],"curies":[{"name":"wp","href":"https:\/\/api.w.org\/{rel}","templated":true}]}}