{"id":40994,"date":"2025-01-28T17:43:09","date_gmt":"2025-01-28T15:43:09","guid":{"rendered":"https:\/\/fifaa.ee\/?post_type=product&#038;p=40994"},"modified":"2026-04-01T20:54:22","modified_gmt":"2026-04-01T17:54:22","slug":"vinga-sortino-rcs-seljakott","status":"publish","type":"product","link":"https:\/\/fifaa.ee\/en\/product\/vinga-sortino-rcs-seljakott\/","title":{"rendered":"VINGA Sortino RCS backpack"},"content":{"rendered":"<p>Keep it light with this classic yet subtly sporty backpack made from RCS-certified recycled polyester with contrasting details. The backpack features a convenient front zip pocket and two open side pockets for easy access. The spacious main compartment features a smaller pocket designed for easy organization. Antique brass hardware adds a touch of sophistication. RCS (Recycled Claim Standard) certified RCS certification ensures that the entire recycled content supply chain is certified. Total recycled content is based on the total weight of the product. This product contains 10% RCS-certified recycled polyester.<\/p>","protected":false},"excerpt":{"rendered":"<p>Hoidke end kergena selle klassikalise, kuid peenelt sportliku seljakotiga, mis on valmistatud RCS-sertifikaadiga taaskasutatud pol\u00fcestrist ja millel on kontrastsed detailid. Seljakott pakub mugavat eesmist lukuga taskut ja kahte avatud k\u00fcljetaskut h\u00f5lpsaks juurdep\u00e4\u00e4suks. Avaras p\u00f5hisahtlis on v\u00e4iksem tasku, mis on loodud lihtsaks organiseerimiseks. Antiiksed messingist metalldetailid lisavad rafineeritust. RCS-i (Recycled Claim Standard) sertifitseeritud RCS-sertifikaat tagab, et [&hellip;]<\/p>\n","protected":false},"featured_media":41009,"template":"","meta":{"_acf_changed":false},"product_brand":[],"product_cat":[627],"product_tag":[659],"class_list":{"0":"post-40994","1":"product","2":"type-product","3":"status-publish","4":"has-post-thumbnail","6":"product_cat-reisikotid","7":"product_tag-more-colors","8":"pa_varv-hall","9":"pa_varv-must","10":"pa_varv-sinine","12":"first","13":"instock","14":"taxable","15":"shipping-taxable","16":"purchasable","17":"product-type-variable","18":"has-default-attributes"},"acf":[],"_links":{"self":[{"href":"https:\/\/fifaa.ee\/en\/wp-json\/wp\/v2\/product\/40994","targetHints":{"allow":["GET"]}}],"collection":[{"href":"https:\/\/fifaa.ee\/en\/wp-json\/wp\/v2\/product"}],"about":[{"href":"https:\/\/fifaa.ee\/en\/wp-json\/wp\/v2\/types\/product"}],"wp:featuredmedia":[{"embeddable":true,"href":"https:\/\/fifaa.ee\/en\/wp-json\/wp\/v2\/media\/41009"}],"wp:attachment":[{"href":"https:\/\/fifaa.ee\/en\/wp-json\/wp\/v2\/media?parent=40994"}],"wp:term":[{"taxonomy":"product_brand","embeddable":true,"href":"https:\/\/fifaa.ee\/en\/wp-json\/wp\/v2\/product_brand?post=40994"},{"taxonomy":"product_cat","embeddable":true,"href":"https:\/\/fifaa.ee\/en\/wp-json\/wp\/v2\/product_cat?post=40994"},{"taxonomy":"product_tag","embeddable":true,"href":"https:\/\/fifaa.ee\/en\/wp-json\/wp\/v2\/product_tag?post=40994"}],"curies":[{"name":"wp","href":"https:\/\/api.w.org\/{rel}","templated":true}]}}