{"id":40995,"date":"2025-01-28T17:43:09","date_gmt":"2025-01-28T15:43:09","guid":{"rendered":"https:\/\/fifaa.ee\/?post_type=product&#038;p=40995"},"modified":"2026-04-01T20:54:49","modified_gmt":"2026-04-01T17:54:49","slug":"vinga-bosler-rcs-taaskasutatud-louendist-kontorikott","status":"publish","type":"product","link":"https:\/\/fifaa.ee\/en\/product\/vinga-bosler-rcs-taaskasutatud-louendist-kontorikott\/","title":{"rendered":"VINGA Bosler RCS recycled canvas office tote"},"content":{"rendered":"<p>Stay organized on the go with our spacious office bag, perfect for carrying all your essential desk accessories. This large bag features a padded computer compartment to keep your electronics safe. The bag is made from 42% RCS (Recycled Claim Standard) certified recycled materials, ensuring a fully certified supply chain for the recycled materials used. All recycled content is based on the overall weight of the product, reflecting our commitment to responsible sourcing. With a versatile design that is suitable for hybrid work solutions, this office bag is the ultimate solution for busy professionals on the go. Fits computers with an overall size of 17 inches. Please note that the display dimensions are not the same as the dimensions of the entire computer.<\/p>","protected":false},"excerpt":{"rendered":"<p>P\u00fcsige liikvel olles organiseeritud meie ruumika kontorikotiga, mis sobib suurep\u00e4raselt k\u00f5igi oluliste lauatarvikute kandmiseks. Sellel suurel kotil on polsterdatud arvutisahtel, mis hoiab teie elektroonika turvalisena. Kott on valmistatud 42% RCS (Recycled Claim Standard) sertifitseeritud taaskasutatud materjalidest, tagades kasutatud taaskasutatud materjalide t\u00e4ielikult sertifitseeritud tarneahela. Kogu ringlussev\u00f5etud sisu p\u00f5hineb toote \u00fcldisel kaalul, mis peegeldab meie p\u00fchendumust vastutustundlikule [&hellip;]<\/p>\n","protected":false},"featured_media":41015,"template":"","meta":{"_acf_changed":false},"product_brand":[],"product_cat":[232],"product_tag":[659],"class_list":{"0":"post-40995","1":"product","2":"type-product","3":"status-publish","4":"has-post-thumbnail","6":"product_cat-kotid","7":"product_tag-more-colors","8":"pa_varv-beez","9":"pa_varv-must","10":"pa_varv-roheline","11":"pa_varv-sinine","13":"first","14":"instock","15":"taxable","16":"shipping-taxable","17":"purchasable","18":"product-type-variable","19":"has-default-attributes"},"acf":[],"_links":{"self":[{"href":"https:\/\/fifaa.ee\/en\/wp-json\/wp\/v2\/product\/40995","targetHints":{"allow":["GET"]}}],"collection":[{"href":"https:\/\/fifaa.ee\/en\/wp-json\/wp\/v2\/product"}],"about":[{"href":"https:\/\/fifaa.ee\/en\/wp-json\/wp\/v2\/types\/product"}],"wp:featuredmedia":[{"embeddable":true,"href":"https:\/\/fifaa.ee\/en\/wp-json\/wp\/v2\/media\/41015"}],"wp:attachment":[{"href":"https:\/\/fifaa.ee\/en\/wp-json\/wp\/v2\/media?parent=40995"}],"wp:term":[{"taxonomy":"product_brand","embeddable":true,"href":"https:\/\/fifaa.ee\/en\/wp-json\/wp\/v2\/product_brand?post=40995"},{"taxonomy":"product_cat","embeddable":true,"href":"https:\/\/fifaa.ee\/en\/wp-json\/wp\/v2\/product_cat?post=40995"},{"taxonomy":"product_tag","embeddable":true,"href":"https:\/\/fifaa.ee\/en\/wp-json\/wp\/v2\/product_tag?post=40995"}],"curies":[{"name":"wp","href":"https:\/\/api.w.org\/{rel}","templated":true}]}}