{"id":40996,"date":"2025-01-28T17:43:09","date_gmt":"2025-01-28T15:43:09","guid":{"rendered":"https:\/\/fifaa.ee\/?post_type=product&#038;p=40996"},"modified":"2026-04-01T20:54:49","modified_gmt":"2026-04-01T17:54:49","slug":"vinga-hilo-aware-taaskasutatud-louendist-suur-kandekott","status":"publish","type":"product","link":"https:\/\/fifaa.ee\/en\/product\/vinga-hilo-aware-taaskasutatud-louendist-suur-kandekott\/","title":{"rendered":"VINGA Hilo AWARE\u2122 recycled canvas maxi tote bag"},"content":{"rendered":"<p>Carry your everyday essentials in style with our spacious Hilo Aware Maxi Tote, featuring 400gsm canvas for durability and style. There&#039;s a zipped pocket on the inside to keep your valuables safe and secure. The recycled canvas used in the bag is undyed and raw, free from chemicals used in dyeing or bleaching, making it a lower impact choice. The bag&#039;s composition is 70% recycled cotton and 30% recycled polyester, highlighting our commitment to responsible sourcing. The bag also features AWARE\u2122 tracking technology, which confirms the genuine use of recycled materials. Due to the nature of recycled yarns, impurities and discoloration may occur.<\/p>","protected":false},"excerpt":{"rendered":"<p>Kandke oma igap\u00e4evaseid olulisi asju stiilselt kaasas meie ruumika Hilo Aware Maxi Tote&#8217;iga, millel on 400 g\/m\u00b2 suurune l\u00f5uend, mis tagab vastupidavuse ja stiili. Sisek\u00fcljel on lukuga tasku, mis hoiab teie v\u00e4\u00e4risesemeid turvaliselt ja turvaliselt. Kotis kasutatav taaskasutatud l\u00f5uend on v\u00e4rvimata ja toores kujul, vaba v\u00e4rvimisel v\u00f5i pleegitamisel kasutatud kemikaalidest, mist\u00f5ttu on see v\u00e4iksema m\u00f5juga [&hellip;]<\/p>\n","protected":false},"featured_media":41023,"template":"","meta":{"_acf_changed":false},"product_brand":[],"product_cat":[232],"product_tag":[659],"class_list":{"0":"post-40996","1":"product","2":"type-product","3":"status-publish","4":"has-post-thumbnail","6":"product_cat-kotid","7":"product_tag-more-colors","8":"pa_varv-must","9":"pa_varv-roheline","10":"pa_varv-sinine","11":"pa_varv-valge-new","13":"first","14":"instock","15":"taxable","16":"shipping-taxable","17":"purchasable","18":"product-type-variable","19":"has-default-attributes"},"acf":[],"_links":{"self":[{"href":"https:\/\/fifaa.ee\/en\/wp-json\/wp\/v2\/product\/40996","targetHints":{"allow":["GET"]}}],"collection":[{"href":"https:\/\/fifaa.ee\/en\/wp-json\/wp\/v2\/product"}],"about":[{"href":"https:\/\/fifaa.ee\/en\/wp-json\/wp\/v2\/types\/product"}],"wp:featuredmedia":[{"embeddable":true,"href":"https:\/\/fifaa.ee\/en\/wp-json\/wp\/v2\/media\/41023"}],"wp:attachment":[{"href":"https:\/\/fifaa.ee\/en\/wp-json\/wp\/v2\/media?parent=40996"}],"wp:term":[{"taxonomy":"product_brand","embeddable":true,"href":"https:\/\/fifaa.ee\/en\/wp-json\/wp\/v2\/product_brand?post=40996"},{"taxonomy":"product_cat","embeddable":true,"href":"https:\/\/fifaa.ee\/en\/wp-json\/wp\/v2\/product_cat?post=40996"},{"taxonomy":"product_tag","embeddable":true,"href":"https:\/\/fifaa.ee\/en\/wp-json\/wp\/v2\/product_tag?post=40996"}],"curies":[{"name":"wp","href":"https:\/\/api.w.org\/{rel}","templated":true}]}}