{"id":40998,"date":"2025-01-28T17:43:09","date_gmt":"2025-01-28T15:43:09","guid":{"rendered":"https:\/\/fifaa.ee\/?post_type=product&#038;p=40998"},"modified":"2026-04-01T20:55:14","modified_gmt":"2026-04-01T17:55:14","slug":"vinga-bermond-rcs-taaskasutatud-pu-kandekott","status":"publish","type":"product","link":"https:\/\/fifaa.ee\/en\/product\/vinga-bermond-rcs-taaskasutatud-pu-kandekott\/","title":{"rendered":"VINGA Bermond RCS recycled PU tote bag"},"content":{"rendered":"<p>Enhance your everyday travel with this tote bag. The exterior and lining are made from recycled PU according to RCS standards, demonstrating our commitment to responsible sourcing. The tote bag with a comfortable shoulder strap is perfect for busy days on the go. It also includes a padded laptop sleeve for extra protection and organization. Certified by RCS (Recycled Claim Standard), the RSC certification ensures that the entire recycled content supply chain is certified. The total recycled content is based on the total weight of the product. This product contains 23% RCS-certified recycled polyester and 7% RCS-certified recycled PU. Fits computers with an overall size of 17 inches. Please note that the dimensions of the display are not the same as the dimensions of the entire computer.<\/p>","protected":false},"excerpt":{"rendered":"<p>Suurendage selle kandekotiga oma igap\u00e4evast reisimist. V\u00e4lispind ja vooder on valmistatud \u00fcmbert\u00f6\u00f6deldud PU-st vastavalt RCS-i standarditele, mis n\u00e4itab meie p\u00fchendumust vastutustundlikule hankimisele. Mugava \u00f5larihmaga kandekott sobib suurep\u00e4raselt kiireteks p\u00e4evadeks liikvel olles. See sisaldab ka polsterdatud s\u00fclearvuti \u00fcmbrist t\u00e4iendava kaitse ja korralduse tagamiseks. Sertifitseeritud RCS (Recycled Claim Standard) poolt, RSC sertifikaat tagab, et kogu taaskasutatud materjalide [&hellip;]<\/p>\n","protected":false},"featured_media":41045,"template":"","meta":{"_acf_changed":false},"product_brand":[],"product_cat":[232],"product_tag":[659],"class_list":{"0":"post-40998","1":"product","2":"type-product","3":"status-publish","4":"has-post-thumbnail","6":"product_cat-kotid","7":"product_tag-more-colors","8":"pa_varv-must","9":"pa_varv-pruun","11":"first","12":"instock","13":"taxable","14":"shipping-taxable","15":"purchasable","16":"product-type-variable","17":"has-default-attributes"},"acf":[],"_links":{"self":[{"href":"https:\/\/fifaa.ee\/en\/wp-json\/wp\/v2\/product\/40998","targetHints":{"allow":["GET"]}}],"collection":[{"href":"https:\/\/fifaa.ee\/en\/wp-json\/wp\/v2\/product"}],"about":[{"href":"https:\/\/fifaa.ee\/en\/wp-json\/wp\/v2\/types\/product"}],"wp:featuredmedia":[{"embeddable":true,"href":"https:\/\/fifaa.ee\/en\/wp-json\/wp\/v2\/media\/41045"}],"wp:attachment":[{"href":"https:\/\/fifaa.ee\/en\/wp-json\/wp\/v2\/media?parent=40998"}],"wp:term":[{"taxonomy":"product_brand","embeddable":true,"href":"https:\/\/fifaa.ee\/en\/wp-json\/wp\/v2\/product_brand?post=40998"},{"taxonomy":"product_cat","embeddable":true,"href":"https:\/\/fifaa.ee\/en\/wp-json\/wp\/v2\/product_cat?post=40998"},{"taxonomy":"product_tag","embeddable":true,"href":"https:\/\/fifaa.ee\/en\/wp-json\/wp\/v2\/product_tag?post=40998"}],"curies":[{"name":"wp","href":"https:\/\/api.w.org\/{rel}","templated":true}]}}