{"id":41027,"date":"2025-01-28T17:43:35","date_gmt":"2025-01-28T15:43:35","guid":{"rendered":"https:\/\/fifaa.ee\/?post_type=product&#038;p=41027"},"modified":"2026-04-01T20:55:39","modified_gmt":"2026-04-01T17:55:39","slug":"vinga-volonne-aware-taaskasutatud-louendist-rannakott","status":"publish","type":"product","link":"https:\/\/fifaa.ee\/en\/product\/vinga-volonne-aware-taaskasutatud-louendist-rannakott\/","title":{"rendered":"VINGA Volonne AWARE\u2122 recycled canvas beach bag"},"content":{"rendered":"<p>Hit the beach in style with this generous beach bag. Its spacious design, complemented by a towel holder on one side, makes it ideal for a beach trip or picnic. There&#039;s a pocket on the inside to keep your valuables safe and secure. Made from 500gsm recycled canvas. The canvas remains undyed and unbleached, eliminating the environmental impact of chemicals. Made from 70% recycled cotton and 30% recycled polyester, the bag reinforces our commitment to responsible sourcing. It also features AWARE\u2122 tracking technology, which verifies the genuine use of recycled materials. 2% of the proceeds from every product sold is donated to Water.org.<\/p>","protected":false},"excerpt":{"rendered":"<p>Selle helde rannakotiga l\u00f6\u00f6ge stiilselt randa. Selle avar disain, mida t\u00e4iendab \u00fchel k\u00fcljel asuv k\u00e4ter\u00e4tikuhoidja, muudab selle ideaalseks rannaretkeks v\u00f5i piknikuks. Sisek\u00fcljel on tasku, mis hoiab teie v\u00e4\u00e4risesemeid turvaliselt ja turvaliselt. Valmistatud 500 gsm \u00fcmbert\u00f6\u00f6deldud l\u00f5uendist. L\u00f5uend j\u00e4\u00e4b v\u00e4rvimata ja pleegitamata, v\u00e4listades kemikaalide keskkonnam\u00f5ju. 70% taaskasutatud puuvillast ja 30% taaskasutatud pol\u00fcestrist valmistatud kott tugevdab meie [&hellip;]<\/p>\n","protected":false},"featured_media":41049,"template":"","meta":{"_acf_changed":false},"product_brand":[],"product_cat":[232],"product_tag":[659],"class_list":{"0":"post-41027","1":"product","2":"type-product","3":"status-publish","4":"has-post-thumbnail","6":"product_cat-kotid","7":"product_tag-more-colors","8":"pa_varv-sinine","9":"pa_varv-valge-new","11":"first","12":"instock","13":"taxable","14":"shipping-taxable","15":"purchasable","16":"product-type-variable","17":"has-default-attributes"},"acf":[],"_links":{"self":[{"href":"https:\/\/fifaa.ee\/en\/wp-json\/wp\/v2\/product\/41027","targetHints":{"allow":["GET"]}}],"collection":[{"href":"https:\/\/fifaa.ee\/en\/wp-json\/wp\/v2\/product"}],"about":[{"href":"https:\/\/fifaa.ee\/en\/wp-json\/wp\/v2\/types\/product"}],"wp:featuredmedia":[{"embeddable":true,"href":"https:\/\/fifaa.ee\/en\/wp-json\/wp\/v2\/media\/41049"}],"wp:attachment":[{"href":"https:\/\/fifaa.ee\/en\/wp-json\/wp\/v2\/media?parent=41027"}],"wp:term":[{"taxonomy":"product_brand","embeddable":true,"href":"https:\/\/fifaa.ee\/en\/wp-json\/wp\/v2\/product_brand?post=41027"},{"taxonomy":"product_cat","embeddable":true,"href":"https:\/\/fifaa.ee\/en\/wp-json\/wp\/v2\/product_cat?post=41027"},{"taxonomy":"product_tag","embeddable":true,"href":"https:\/\/fifaa.ee\/en\/wp-json\/wp\/v2\/product_tag?post=41027"}],"curies":[{"name":"wp","href":"https:\/\/api.w.org\/{rel}","templated":true}]}}