{"id":41028,"date":"2025-01-28T17:43:35","date_gmt":"2025-01-28T15:43:35","guid":{"rendered":"https:\/\/fifaa.ee\/?post_type=product&#038;p=41028"},"modified":"2026-04-01T20:55:39","modified_gmt":"2026-04-01T17:55:39","slug":"vinga-livorno-grs-taaskasutatud-poluesterkott","status":"publish","type":"product","link":"https:\/\/fifaa.ee\/en\/product\/vinga-livorno-grs-taaskasutatud-poluesterkott\/","title":{"rendered":"VINGA Livorno GRS recycled polyester tote"},"content":{"rendered":"<p>The perfect travel companion, this bag is made from ultra-light GRS-certified polyester and has a smooth PU coating. Simply roll it up and secure with a smart strap and buckle to store it compactly when not in use. With adjustable straps that can be carried by hand or over the shoulder. The bag has a practical outer pocket and a smaller inner pocket for essentials. Not only are these versatile bags easy to carry, they are also designed to fold compactly and fit in your luggage, providing convenient extra storage without weighing you down. GRS (Global Recycled Standard) certification ensures that the entire recycled content supply chain is certified. The total recycled content is based on the total weight of the product. This product contains 51% GRS-certified recycled polyester.<\/p>","protected":false},"excerpt":{"rendered":"<p>T\u00e4iuslik reisikaaslane, see kott on valmistatud \u00fclikergest GRS-sertifikaadiga pol\u00fcestrist ja sileda PU-kattega. Lihtsalt keerake see kokku ja kinnitage nutika rihma ja pandlaga, et seda kompaktselt hoida, kui seda ei kasutata. Reguleeritavate rihmadega, mida saab kanda k\u00e4es v\u00f5i \u00fcle \u00f5la. Kotil on praktiline v\u00e4listasku ja v\u00e4iksem sisetasku vajalike asjade jaoks. Neid mitmek\u00fclgseid kotte ei ole mitte [&hellip;]<\/p>\n","protected":false},"featured_media":41053,"template":"","meta":{"_acf_changed":false},"product_brand":[],"product_cat":[232],"product_tag":[],"class_list":{"0":"post-41028","1":"product","2":"type-product","3":"status-publish","4":"has-post-thumbnail","6":"product_cat-kotid","7":"pa_varv-must","9":"first","10":"instock","11":"taxable","12":"shipping-taxable","13":"purchasable","14":"product-type-variable","15":"has-default-attributes"},"acf":[],"_links":{"self":[{"href":"https:\/\/fifaa.ee\/en\/wp-json\/wp\/v2\/product\/41028","targetHints":{"allow":["GET"]}}],"collection":[{"href":"https:\/\/fifaa.ee\/en\/wp-json\/wp\/v2\/product"}],"about":[{"href":"https:\/\/fifaa.ee\/en\/wp-json\/wp\/v2\/types\/product"}],"wp:featuredmedia":[{"embeddable":true,"href":"https:\/\/fifaa.ee\/en\/wp-json\/wp\/v2\/media\/41053"}],"wp:attachment":[{"href":"https:\/\/fifaa.ee\/en\/wp-json\/wp\/v2\/media?parent=41028"}],"wp:term":[{"taxonomy":"product_brand","embeddable":true,"href":"https:\/\/fifaa.ee\/en\/wp-json\/wp\/v2\/product_brand?post=41028"},{"taxonomy":"product_cat","embeddable":true,"href":"https:\/\/fifaa.ee\/en\/wp-json\/wp\/v2\/product_cat?post=41028"},{"taxonomy":"product_tag","embeddable":true,"href":"https:\/\/fifaa.ee\/en\/wp-json\/wp\/v2\/product_tag?post=41028"}],"curies":[{"name":"wp","href":"https:\/\/api.w.org\/{rel}","templated":true}]}}