{"id":41029,"date":"2025-01-28T17:43:35","date_gmt":"2025-01-28T15:43:35","guid":{"rendered":"https:\/\/fifaa.ee\/?post_type=product&#038;p=41029"},"modified":"2026-04-01T20:55:59","modified_gmt":"2026-04-01T17:55:59","slug":"vinga-hilo-aware-taaskasutatud-louendist-lukuga-kott","status":"publish","type":"product","link":"https:\/\/fifaa.ee\/en\/product\/vinga-hilo-aware-taaskasutatud-louendist-lukuga-kott\/","title":{"rendered":"VINGA Hilo AWARE\u2122 recycled canvas zip tote"},"content":{"rendered":"<p>Carry your everyday essentials with the Hilo Zip Bag. This bag combines durable materials with a timeless design, featuring a zipper for secure storage and both top handles and shoulder straps for versatile carrying options. Two open exterior pockets on either end provide convenient access to essentials, making it ideal for everyday errands or professional use. The recycled canvas used in the bag is undyed and raw, with no chemicals from dyeing or bleaching, making it a lower-impact choice. The bag is made from 70% recycled cotton and 30% recycled polyester, highlighting our commitment to responsible sourcing. The bag also features AWARE\u2122 tracking technology, which verifies the genuine use of recycled materials. 2% of the proceeds from every Impact product sold is donated to Water.org.<\/p>","protected":false},"excerpt":{"rendered":"<p>Kandke oma igap\u00e4evaseid h\u00e4davajalikke asju kaasas Hilo lukuga kotiga. Selles kandis on kombineeritud vastupidavad materjalid ajatu disainiga, millel on turvaliseks hoiustamiseks t\u00f5mblukk ning nii \u00fclemised k\u00e4epidemed kui ka \u00f5larihmad mitmek\u00fclgsete kandmisv\u00f5imaluste tagamiseks. M\u00f5lemas otsas on kaks avatud v\u00e4listaskut, mis pakuvad mugavat juurdep\u00e4\u00e4su olulistele asjadele, muutes selle ideaalseks igap\u00e4evaseks asjaajamiseks v\u00f5i professionaalseks kasutamiseks. Kotis kasutatav taaskasutatud [&hellip;]<\/p>\n","protected":false},"featured_media":41055,"template":"","meta":{"_acf_changed":false},"product_brand":[],"product_cat":[232],"product_tag":[659],"class_list":{"0":"post-41029","1":"product","2":"type-product","3":"status-publish","4":"has-post-thumbnail","6":"product_cat-kotid","7":"product_tag-more-colors","8":"pa_varv-must","9":"pa_varv-roheline","10":"pa_varv-sinine","11":"pa_varv-valge-new","13":"first","14":"instock","15":"taxable","16":"shipping-taxable","17":"purchasable","18":"product-type-variable","19":"has-default-attributes"},"acf":[],"_links":{"self":[{"href":"https:\/\/fifaa.ee\/en\/wp-json\/wp\/v2\/product\/41029","targetHints":{"allow":["GET"]}}],"collection":[{"href":"https:\/\/fifaa.ee\/en\/wp-json\/wp\/v2\/product"}],"about":[{"href":"https:\/\/fifaa.ee\/en\/wp-json\/wp\/v2\/types\/product"}],"wp:featuredmedia":[{"embeddable":true,"href":"https:\/\/fifaa.ee\/en\/wp-json\/wp\/v2\/media\/41055"}],"wp:attachment":[{"href":"https:\/\/fifaa.ee\/en\/wp-json\/wp\/v2\/media?parent=41029"}],"wp:term":[{"taxonomy":"product_brand","embeddable":true,"href":"https:\/\/fifaa.ee\/en\/wp-json\/wp\/v2\/product_brand?post=41029"},{"taxonomy":"product_cat","embeddable":true,"href":"https:\/\/fifaa.ee\/en\/wp-json\/wp\/v2\/product_cat?post=41029"},{"taxonomy":"product_tag","embeddable":true,"href":"https:\/\/fifaa.ee\/en\/wp-json\/wp\/v2\/product_tag?post=41029"}],"curies":[{"name":"wp","href":"https:\/\/api.w.org\/{rel}","templated":true}]}}