{"id":41031,"date":"2025-01-28T17:43:35","date_gmt":"2025-01-28T15:43:35","guid":{"rendered":"https:\/\/fifaa.ee\/?post_type=product&#038;p=41031"},"modified":"2026-04-01T20:56:21","modified_gmt":"2026-04-01T17:56:21","slug":"vinga-baltimore-rcs-a4-portfell","status":"publish","type":"product","link":"https:\/\/fifaa.ee\/en\/product\/vinga-baltimore-rcs-a4-portfell\/","title":{"rendered":"VINGA Baltimore RCS A4 portfolio"},"content":{"rendered":"<p>Stay organised and carry your essentials with this elegant A4 portfolio. Includes a pen holder, paper pocket, elasticated card pockets, phone and a notebook with 20 lined pages. Made from partly recycled polyester and finished with a classic Baltimore matte PU finish, this portfolio is the perfect accessory for your desk or on the go. The paper insert is replaceable, ensuring long-lasting use. RCS (Recycled Claim Standard) certified RCS certification ensures that the entire recycled content supply chain is certified. Total recycled content is based on the total weight of the product. This product contains 6% RCS certified recycled polyester.<\/p>","protected":false},"excerpt":{"rendered":"<p>Selle elegantse A4-formaadis portfelliga hoidke end organiseerituna ja kandke oma olulised asjad kaasa. Sisaldab pliiatsihoidjat, tasku paberi jaoks, kummipaelaga taskud kaartide jaoks, telefon ja m\u00e4rkmik, mis sisaldab 20 joonelist lehte. See osaliselt taaskasutatud pol\u00fcestrist valmistatud ja klassikalise Baltimore&#8217;i matt PU-kattega portfell on ideaalne aksessuaar teie lauale v\u00f5i liikvele kaasa v\u00f5tmiseks. Paberi vahet\u00fckk on vahetatav, tagades [&hellip;]<\/p>\n","protected":false},"featured_media":41065,"template":"","meta":{"_acf_changed":false},"product_brand":[],"product_cat":[607,605],"product_tag":[659],"class_list":{"0":"post-41031","1":"product","2":"type-product","3":"status-publish","4":"has-post-thumbnail","6":"product_cat-mapid","7":"product_cat-markmikud-ja-mapid","8":"product_tag-more-colors","9":"pa_varv-must","10":"pa_varv-roheline","11":"pa_varv-sinine","13":"first","14":"instock","15":"taxable","16":"shipping-taxable","17":"purchasable","18":"product-type-variable","19":"has-default-attributes"},"acf":[],"_links":{"self":[{"href":"https:\/\/fifaa.ee\/en\/wp-json\/wp\/v2\/product\/41031","targetHints":{"allow":["GET"]}}],"collection":[{"href":"https:\/\/fifaa.ee\/en\/wp-json\/wp\/v2\/product"}],"about":[{"href":"https:\/\/fifaa.ee\/en\/wp-json\/wp\/v2\/types\/product"}],"wp:featuredmedia":[{"embeddable":true,"href":"https:\/\/fifaa.ee\/en\/wp-json\/wp\/v2\/media\/41065"}],"wp:attachment":[{"href":"https:\/\/fifaa.ee\/en\/wp-json\/wp\/v2\/media?parent=41031"}],"wp:term":[{"taxonomy":"product_brand","embeddable":true,"href":"https:\/\/fifaa.ee\/en\/wp-json\/wp\/v2\/product_brand?post=41031"},{"taxonomy":"product_cat","embeddable":true,"href":"https:\/\/fifaa.ee\/en\/wp-json\/wp\/v2\/product_cat?post=41031"},{"taxonomy":"product_tag","embeddable":true,"href":"https:\/\/fifaa.ee\/en\/wp-json\/wp\/v2\/product_tag?post=41031"}],"curies":[{"name":"wp","href":"https:\/\/api.w.org\/{rel}","templated":true}]}}