{"id":41032,"date":"2025-01-28T17:43:35","date_gmt":"2025-01-28T15:43:35","guid":{"rendered":"https:\/\/fifaa.ee\/?post_type=product&#038;p=41032"},"modified":"2026-04-01T20:56:21","modified_gmt":"2026-04-01T17:56:21","slug":"vinga-timo-pu-rcs-rpet-markmik","status":"publish","type":"product","link":"https:\/\/fifaa.ee\/en\/product\/vinga-timo-pu-rcs-rpet-markmik\/","title":{"rendered":"VINGA Timo PU RCS RPET notebook"},"content":{"rendered":"<p>Experience functionality and style with Timoga. It strikes the perfect balance between size and durability. It features a PU cover, RCS paper sheets, 80 sheets\/160 pages of lined paper and a black ribbon bookmark. Detailed stitching and a magnetic closure add sophistication, while the replaceable paper insert ensures long-lasting use. RCS (Recycled Claim Standard) certified RCS certification ensures that the entire recycled content supply chain is certified. Total recycled content is based on the total weight of the product. This product contains 63% RCS certified recycled paper and 15% RCS certified recycled polyester.<\/p>","protected":false},"excerpt":{"rendered":"<p>Kogege Timoga funktsionaalsust ja stiili. See saavutab t\u00e4iusliku tasakaalu suuruse ja vastupidavuse vahel. Sellel on PU kate, RCS-paberilehed, 80 lehte\/160 lehek\u00fclge joonelist paberit ja musta lindiga j\u00e4rjehoidja. Detail\u00f5mblused ja magnetsulgur lisavad rafineeritust, samas kui vahetatav paberisisend tagab pikaajalise kasutamise. RCS-i (Recycled Claim Standard) sertifitseeritud RCS-sertifikaat tagab, et kogu taaskasutatud materjalide tarneahel on sertifitseeritud. Taaskasutatud kogusisaldus [&hellip;]<\/p>\n","protected":false},"featured_media":41080,"template":"","meta":{"_acf_changed":false},"product_brand":[],"product_cat":[606,605],"product_tag":[659],"class_list":{"0":"post-41032","1":"product","2":"type-product","3":"status-publish","4":"has-post-thumbnail","6":"product_cat-markmikud","7":"product_cat-markmikud-ja-mapid","8":"product_tag-more-colors","9":"pa_varv-must","10":"pa_varv-pruun","12":"first","13":"instock","14":"taxable","15":"shipping-taxable","16":"purchasable","17":"product-type-variable","18":"has-default-attributes"},"acf":[],"_links":{"self":[{"href":"https:\/\/fifaa.ee\/en\/wp-json\/wp\/v2\/product\/41032","targetHints":{"allow":["GET"]}}],"collection":[{"href":"https:\/\/fifaa.ee\/en\/wp-json\/wp\/v2\/product"}],"about":[{"href":"https:\/\/fifaa.ee\/en\/wp-json\/wp\/v2\/types\/product"}],"wp:featuredmedia":[{"embeddable":true,"href":"https:\/\/fifaa.ee\/en\/wp-json\/wp\/v2\/media\/41080"}],"wp:attachment":[{"href":"https:\/\/fifaa.ee\/en\/wp-json\/wp\/v2\/media?parent=41032"}],"wp:term":[{"taxonomy":"product_brand","embeddable":true,"href":"https:\/\/fifaa.ee\/en\/wp-json\/wp\/v2\/product_brand?post=41032"},{"taxonomy":"product_cat","embeddable":true,"href":"https:\/\/fifaa.ee\/en\/wp-json\/wp\/v2\/product_cat?post=41032"},{"taxonomy":"product_tag","embeddable":true,"href":"https:\/\/fifaa.ee\/en\/wp-json\/wp\/v2\/product_tag?post=41032"}],"curies":[{"name":"wp","href":"https:\/\/api.w.org\/{rel}","templated":true}]}}