{"id":41069,"date":"2025-01-28T17:43:56","date_gmt":"2025-01-28T15:43:56","guid":{"rendered":"https:\/\/fifaa.ee\/?post_type=product&#038;p=41069"},"modified":"2026-04-01T20:56:41","modified_gmt":"2026-04-01T17:56:41","slug":"vinga-albon-grs-taaskasutatud-vildist-markmik","status":"publish","type":"product","link":"https:\/\/fifaa.ee\/en\/product\/vinga-albon-grs-taaskasutatud-vildist-markmik\/","title":{"rendered":"VINGA Albon GRS recycled felt notebook"},"content":{"rendered":"<p>Elegant A5 notebook made of recycled felt with a m\u00e9lange effect and integrated pen holder. Contains 80 sheets or 160 pages of 70 g\/m2 recycled paper and its lined pages are ideal for taking notes. GRS (Global Recycled Standard) certified GRS certification ensures that the entire recycled material supply chain is certified. The total recycled content is based on the total weight of the product. This product contains 83% GRS certified recycled paper and 7% GRS certified recycled felt.<\/p>","protected":false},"excerpt":{"rendered":"<p>Elegantselt taaskasutatud vildist valmistatud A5 m\u00e4rkmik, millel on m\u00e9lange efekt ja integreeritud pliiatsihoidja. Sisaldab 80 lehte v\u00f5i 160 lehek\u00fclge 70 g\/m2 \u00fcmbert\u00f6\u00f6deldud paberit ning selle joonitud lehed sobivad ideaalselt iga m\u00e4rkme tegemiseks. GRS-i (Global Recycled Standard) sertifitseeritud GRS-sertifikaat tagab, et kogu taaskasutatud materjalide tarneahel on sertifitseeritud. Taaskasutatud kogusisaldus p\u00f5hineb toote kogukaalul. See toode sisaldab 83% [&hellip;]<\/p>\n","protected":false},"featured_media":41084,"template":"","meta":{"_acf_changed":false},"product_brand":[],"product_cat":[606,605],"product_tag":[659],"class_list":{"0":"post-41069","1":"product","2":"type-product","3":"status-publish","4":"has-post-thumbnail","6":"product_cat-markmikud","7":"product_cat-markmikud-ja-mapid","8":"product_tag-more-colors","9":"pa_varv-hall","10":"pa_varv-must","12":"first","13":"instock","14":"taxable","15":"shipping-taxable","16":"purchasable","17":"product-type-variable","18":"has-default-attributes"},"acf":[],"_links":{"self":[{"href":"https:\/\/fifaa.ee\/en\/wp-json\/wp\/v2\/product\/41069","targetHints":{"allow":["GET"]}}],"collection":[{"href":"https:\/\/fifaa.ee\/en\/wp-json\/wp\/v2\/product"}],"about":[{"href":"https:\/\/fifaa.ee\/en\/wp-json\/wp\/v2\/types\/product"}],"wp:featuredmedia":[{"embeddable":true,"href":"https:\/\/fifaa.ee\/en\/wp-json\/wp\/v2\/media\/41084"}],"wp:attachment":[{"href":"https:\/\/fifaa.ee\/en\/wp-json\/wp\/v2\/media?parent=41069"}],"wp:term":[{"taxonomy":"product_brand","embeddable":true,"href":"https:\/\/fifaa.ee\/en\/wp-json\/wp\/v2\/product_brand?post=41069"},{"taxonomy":"product_cat","embeddable":true,"href":"https:\/\/fifaa.ee\/en\/wp-json\/wp\/v2\/product_cat?post=41069"},{"taxonomy":"product_tag","embeddable":true,"href":"https:\/\/fifaa.ee\/en\/wp-json\/wp\/v2\/product_tag?post=41069"}],"curies":[{"name":"wp","href":"https:\/\/api.w.org\/{rel}","templated":true}]}}