{"id":41070,"date":"2025-01-28T17:43:56","date_gmt":"2025-01-28T15:43:56","guid":{"rendered":"https:\/\/fifaa.ee\/?post_type=product&#038;p=41070"},"modified":"2026-04-01T20:56:41","modified_gmt":"2026-04-01T17:56:41","slug":"vinga-uks-malestus-paevas-grs-i-taaskasutatud-paberist-ajakiri","status":"publish","type":"product","link":"https:\/\/fifaa.ee\/en\/product\/vinga-uks-malestus-paevas-grs-i-taaskasutatud-paberist-ajakiri\/","title":{"rendered":"VINGA One memory a day GRS recycled paper journal"},"content":{"rendered":"<p>Start your journey of self-discovery today with our One Memory a Day journal on GRS certified paper. This unique A5-sized journal allows you to document your daily thoughts and experiences for three years with three lined columns and date markings on each page. Capture your reflections, insights and memorable moments, turning each sentence into a treasured keepsake to revisit. Complete with a ribbon bookmark and fabric cover, it\u2019s both functional and elegant, and will look perfect on your desk or bedside table. GRS (Global Recycled Standard) certified GRS certification ensures that the entire recycled content supply chain is certified. Total recycled content is based on the total weight of the product. This product contains 83% GRS certified recycled paper.<\/p>","protected":false},"excerpt":{"rendered":"<p>Alustage oma eneseleidmise teekonda juba t\u00e4na meie p\u00e4evikuga One Memory a Day GRS-sertifikaadiga paberil. See ainulaadne A5-formaadis p\u00e4evik v\u00f5imaldab kolme aasta jooksul dokumenteerida igap\u00e4evaseid m\u00f5tteid ja kogemusi kolme joonelise veeru ja kuup\u00e4evam\u00e4rgistusega igal lehel. Salvestage oma m\u00f5tisklused, arusaamad ja meeldej\u00e4\u00e4vad hetked, muutes iga lause kalliks m\u00e4lestuseks, mida uuesti \u00fcle vaadata. Koos lindiga j\u00e4rjehoidja ja riidest [&hellip;]<\/p>\n","protected":false},"featured_media":41088,"template":"","meta":{"_acf_changed":false},"product_brand":[],"product_cat":[606,605],"product_tag":[],"class_list":{"0":"post-41070","1":"product","2":"type-product","3":"status-publish","4":"has-post-thumbnail","6":"product_cat-markmikud","7":"product_cat-markmikud-ja-mapid","8":"pa_varv-sinine","10":"first","11":"instock","12":"taxable","13":"shipping-taxable","14":"purchasable","15":"product-type-variable","16":"has-default-attributes"},"acf":[],"_links":{"self":[{"href":"https:\/\/fifaa.ee\/en\/wp-json\/wp\/v2\/product\/41070","targetHints":{"allow":["GET"]}}],"collection":[{"href":"https:\/\/fifaa.ee\/en\/wp-json\/wp\/v2\/product"}],"about":[{"href":"https:\/\/fifaa.ee\/en\/wp-json\/wp\/v2\/types\/product"}],"wp:featuredmedia":[{"embeddable":true,"href":"https:\/\/fifaa.ee\/en\/wp-json\/wp\/v2\/media\/41088"}],"wp:attachment":[{"href":"https:\/\/fifaa.ee\/en\/wp-json\/wp\/v2\/media?parent=41070"}],"wp:term":[{"taxonomy":"product_brand","embeddable":true,"href":"https:\/\/fifaa.ee\/en\/wp-json\/wp\/v2\/product_brand?post=41070"},{"taxonomy":"product_cat","embeddable":true,"href":"https:\/\/fifaa.ee\/en\/wp-json\/wp\/v2\/product_cat?post=41070"},{"taxonomy":"product_tag","embeddable":true,"href":"https:\/\/fifaa.ee\/en\/wp-json\/wp\/v2\/product_tag?post=41070"}],"curies":[{"name":"wp","href":"https:\/\/api.w.org\/{rel}","templated":true}]}}