{"id":41071,"date":"2025-01-28T17:43:56","date_gmt":"2025-01-28T15:43:56","guid":{"rendered":"https:\/\/fifaa.ee\/?post_type=product&#038;p=41071"},"modified":"2026-04-01T20:57:10","modified_gmt":"2026-04-01T17:57:10","slug":"vinga-thanksfulness-grs-taaskasutatud-paberist-ajakiri","status":"publish","type":"product","link":"https:\/\/fifaa.ee\/en\/product\/vinga-thanksfulness-grs-taaskasutatud-paberist-ajakiri\/","title":{"rendered":"VINGA Thankfulness GRS recycled paper journal"},"content":{"rendered":"<p>Start your journey today with a gratitude journal and witness the gradual transformation of your mindset over time. Capturing the beauty of everyday experiences and reflections. This template&#039;s A5 pages, with specific questions and fill-in boxes, offer an easy way to document your thoughts. With a timeless and elegant design, the notebook will seamlessly complement any interior. Comes with a ribbon bookmark and fabric cover. GRS (Global Recycled Standard) certified GRS certification ensures that the entire recycled content supply chain is certified. Total recycled content is based on the total weight of the product. This product contains 73% GRS certified recycled paper.<\/p>","protected":false},"excerpt":{"rendered":"<p>Alustage oma teekonda t\u00e4na t\u00e4nu ajakirjaga ja saate olla tunnistajaks oma m\u00f5tteviisi j\u00e4rkj\u00e4rgulisele muutumisele aja jooksul. Igap\u00e4evaste kogemuste ja peegelduste ilu j\u00e4\u00e4dvustamine. Selle malliga A5-lehed, millel on konkreetsed k\u00fcsimused ja t\u00e4itekastid, pakuvad lihtsat viisi oma m\u00f5tete dokumenteerimiseks. Ajatu ja elegantse disainiga s\u00fclearvuti t\u00e4iendab sujuvalt iga sisekujundust. Komplektis paelaga j\u00e4rjehoidja ja riidest kate. GRS-i (Global Recycled [&hellip;]<\/p>\n","protected":false},"featured_media":41090,"template":"","meta":{"_acf_changed":false},"product_brand":[],"product_cat":[606,605],"product_tag":[],"class_list":{"0":"post-41071","1":"product","2":"type-product","3":"status-publish","4":"has-post-thumbnail","6":"product_cat-markmikud","7":"product_cat-markmikud-ja-mapid","8":"pa_varv-beez","10":"first","11":"instock","12":"taxable","13":"shipping-taxable","14":"purchasable","15":"product-type-variable","16":"has-default-attributes"},"acf":[],"_links":{"self":[{"href":"https:\/\/fifaa.ee\/en\/wp-json\/wp\/v2\/product\/41071","targetHints":{"allow":["GET"]}}],"collection":[{"href":"https:\/\/fifaa.ee\/en\/wp-json\/wp\/v2\/product"}],"about":[{"href":"https:\/\/fifaa.ee\/en\/wp-json\/wp\/v2\/types\/product"}],"wp:featuredmedia":[{"embeddable":true,"href":"https:\/\/fifaa.ee\/en\/wp-json\/wp\/v2\/media\/41090"}],"wp:attachment":[{"href":"https:\/\/fifaa.ee\/en\/wp-json\/wp\/v2\/media?parent=41071"}],"wp:term":[{"taxonomy":"product_brand","embeddable":true,"href":"https:\/\/fifaa.ee\/en\/wp-json\/wp\/v2\/product_brand?post=41071"},{"taxonomy":"product_cat","embeddable":true,"href":"https:\/\/fifaa.ee\/en\/wp-json\/wp\/v2\/product_cat?post=41071"},{"taxonomy":"product_tag","embeddable":true,"href":"https:\/\/fifaa.ee\/en\/wp-json\/wp\/v2\/product_tag?post=41071"}],"curies":[{"name":"wp","href":"https:\/\/api.w.org\/{rel}","templated":true}]}}