{"id":41072,"date":"2025-01-28T17:43:56","date_gmt":"2025-01-28T15:43:56","guid":{"rendered":"https:\/\/fifaa.ee\/?post_type=product&#038;p=41072"},"modified":"2026-04-01T20:57:10","modified_gmt":"2026-04-01T17:57:10","slug":"vinga-mind-grs-taaskasutatud-paberist-ajakiri","status":"publish","type":"product","link":"https:\/\/fifaa.ee\/en\/product\/vinga-mind-grs-taaskasutatud-paberist-ajakiri\/","title":{"rendered":"VINGA Mind GRS recycled paper journal"},"content":{"rendered":"<p>Dive into self-discovery and mindfulness with our Mind Journal today and capture your daily reflections. With pre-printed A5 template pages, including prompts like assessing your day, describing meaningful interactions, and documenting moments of presence, it\u2019s easy to chart your journey. GRS-certified paper is designed to guide you through thoughtful introspection. Complete with a ribbon bookmark and fabric cover, it seamlessly blends functionality with elegance, whether on your desk or bedside table. GRS (Global Recycled Standard) certified GRS certification ensures that the entire recycled content supply chain is certified. Total recycled content is based on the total weight of the product. This product contains 73% GRS-certified recycled paper.<\/p>","protected":false},"excerpt":{"rendered":"<p>Sukelduge meie Mind ajakirjaga juba t\u00e4na eneseleidmisse ja t\u00e4helepanelikkusse ning j\u00e4\u00e4dvustage oma igap\u00e4evaseid peegeldusi. Eelprinditud A5-vormingus mallilehtedega, sealhulgas viipadega, nagu p\u00e4eva hindamine, sisuka suhtluse kirjeldamine ja kohaloleku hetkede dokumenteerimine, on lihtne oma teekonda kirjeldada. GRS-sertifikaadiga paber on loodud selleks, et juhendada teid l\u00e4bim\u00f5eldud enesevaatlusel. Koos lindiga j\u00e4rjehoidja ja riidest kattega \u00fchendab see sujuvalt funktsionaalsuse elegantsiga, [&hellip;]<\/p>\n","protected":false},"featured_media":41092,"template":"","meta":{"_acf_changed":false},"product_brand":[],"product_cat":[606,605],"product_tag":[],"class_list":{"0":"post-41072","1":"product","2":"type-product","3":"status-publish","4":"has-post-thumbnail","6":"product_cat-markmikud","7":"product_cat-markmikud-ja-mapid","8":"pa_varv-roheline","10":"first","11":"instock","12":"taxable","13":"shipping-taxable","14":"purchasable","15":"product-type-variable","16":"has-default-attributes"},"acf":[],"_links":{"self":[{"href":"https:\/\/fifaa.ee\/en\/wp-json\/wp\/v2\/product\/41072","targetHints":{"allow":["GET"]}}],"collection":[{"href":"https:\/\/fifaa.ee\/en\/wp-json\/wp\/v2\/product"}],"about":[{"href":"https:\/\/fifaa.ee\/en\/wp-json\/wp\/v2\/types\/product"}],"wp:featuredmedia":[{"embeddable":true,"href":"https:\/\/fifaa.ee\/en\/wp-json\/wp\/v2\/media\/41092"}],"wp:attachment":[{"href":"https:\/\/fifaa.ee\/en\/wp-json\/wp\/v2\/media?parent=41072"}],"wp:term":[{"taxonomy":"product_brand","embeddable":true,"href":"https:\/\/fifaa.ee\/en\/wp-json\/wp\/v2\/product_brand?post=41072"},{"taxonomy":"product_cat","embeddable":true,"href":"https:\/\/fifaa.ee\/en\/wp-json\/wp\/v2\/product_cat?post=41072"},{"taxonomy":"product_tag","embeddable":true,"href":"https:\/\/fifaa.ee\/en\/wp-json\/wp\/v2\/product_tag?post=41072"}],"curies":[{"name":"wp","href":"https:\/\/api.w.org\/{rel}","templated":true}]}}