{"id":41073,"date":"2025-01-28T17:43:56","date_gmt":"2025-01-28T15:43:56","guid":{"rendered":"https:\/\/fifaa.ee\/?post_type=product&#038;p=41073"},"modified":"2026-04-01T20:57:36","modified_gmt":"2026-04-01T17:57:36","slug":"vinga-baltimore-grs-sertifikaadiga-paber-ja-pu-markmik","status":"publish","type":"product","link":"https:\/\/fifaa.ee\/en\/product\/vinga-baltimore-grs-sertifikaadiga-paber-ja-pu-markmik\/","title":{"rendered":"VINGA Baltimore GRS certified paper &amp; PU notebook"},"content":{"rendered":"<p>A stylish A5 notebook with a smooth touch. Its cover, made of 30% recycled matte PU, has a magnetic closure and an integrated pen holder. Inside there are 80 sheets\/160 pages of 70 g\/m\u00b2 lined recycled paper, suitable for all your note-taking needs. The paper insert is replaceable, allowing for extended use. GRS (Global Recycled Standard) certified GRS certification ensures that the entire recycled material supply chain is certified. The total recycled content is based on the total weight of the product. This product contains 54% GRS certified paper and 5% GRS recycled PU.<\/p>","protected":false},"excerpt":{"rendered":"<p>Stiilne A5-formaadis m\u00e4rkmik sujuva puudutusega. Selle kaanel, mis on valmistatud 30% taaskasutatud matist PU-st, on magnetsulgur ja integreeritud pliiatsihoidja. Sees on 80 lehte\/160 lehek\u00fclge 70 g\/m\u00b2 vooderdatud taaskasutatud paberit, mis sobib k\u00f5igi teie m\u00e4rkmete tegemise vajadustega. Paberi sisendit saab vahetada, mis v\u00f5imaldab pikemat aega kasutada. GRS-i (Global Recycled Standard) sertifitseeritud GRS-sertifikaat tagab, et kogu taaskasutatud [&hellip;]<\/p>\n","protected":false},"featured_media":41094,"template":"","meta":{"_acf_changed":false},"product_brand":[],"product_cat":[606,605],"product_tag":[659],"class_list":{"0":"post-41073","1":"product","2":"type-product","3":"status-publish","4":"has-post-thumbnail","6":"product_cat-markmikud","7":"product_cat-markmikud-ja-mapid","8":"product_tag-more-colors","9":"pa_varv-must","10":"pa_varv-roheline","11":"pa_varv-sinine","13":"first","14":"instock","15":"taxable","16":"shipping-taxable","17":"purchasable","18":"product-type-variable","19":"has-default-attributes"},"acf":[],"_links":{"self":[{"href":"https:\/\/fifaa.ee\/en\/wp-json\/wp\/v2\/product\/41073","targetHints":{"allow":["GET"]}}],"collection":[{"href":"https:\/\/fifaa.ee\/en\/wp-json\/wp\/v2\/product"}],"about":[{"href":"https:\/\/fifaa.ee\/en\/wp-json\/wp\/v2\/types\/product"}],"wp:featuredmedia":[{"embeddable":true,"href":"https:\/\/fifaa.ee\/en\/wp-json\/wp\/v2\/media\/41094"}],"wp:attachment":[{"href":"https:\/\/fifaa.ee\/en\/wp-json\/wp\/v2\/media?parent=41073"}],"wp:term":[{"taxonomy":"product_brand","embeddable":true,"href":"https:\/\/fifaa.ee\/en\/wp-json\/wp\/v2\/product_brand?post=41073"},{"taxonomy":"product_cat","embeddable":true,"href":"https:\/\/fifaa.ee\/en\/wp-json\/wp\/v2\/product_cat?post=41073"},{"taxonomy":"product_tag","embeddable":true,"href":"https:\/\/fifaa.ee\/en\/wp-json\/wp\/v2\/product_tag?post=41073"}],"curies":[{"name":"wp","href":"https:\/\/api.w.org\/{rel}","templated":true}]}}