{"id":41074,"date":"2025-01-28T17:43:56","date_gmt":"2025-01-28T15:43:56","guid":{"rendered":"https:\/\/fifaa.ee\/?post_type=product&#038;p=41074"},"modified":"2026-04-01T20:57:36","modified_gmt":"2026-04-01T17:57:36","slug":"vinga-bosler-rcs-taaskasutatud-paberist-markmik","status":"publish","type":"product","link":"https:\/\/fifaa.ee\/en\/product\/vinga-bosler-rcs-taaskasutatud-paberist-markmik\/","title":{"rendered":"VINGA Bosler RCS recycled paper notebook"},"content":{"rendered":"<p>Take notes in style with our A5 notebook, featuring a comfortable PU strap and a canvas cover with a magnetic closure. The notebook contains 80 lined pages of 80gsm RCS recycled paper, making it ideal for all your note-taking needs. The 65% notebook is made from RCS (Recycled Claim Standard) certified recycled paper, making it a responsible choice. The RCS certification ensures a fully certified supply chain for the recycled materials used, underlining our commitment to responsible sourcing. The total recycled content of the notebook is based on its total weight.<\/p>","protected":false},"excerpt":{"rendered":"<p>Tehke stiilselt m\u00e4rkmeid meie A5-formaadis s\u00fclearvutiga, millel on mugava PU-rihma ja magnetkinnitusega l\u00f5uendist kaas. M\u00e4rkmik sisaldab 80 lehte 80 gsm RCS taaskasutatud paberist joonitud lehtedega, mist\u00f5ttu on see ideaalne k\u00f5igi m\u00e4rkmete tegemiseks. 65% RCS (Recycled Claim Standard) sertifitseeritud taaskasutatud paberist valmistatud s\u00fclearvuti on vastutustundlik valik. RCS-sertifikaat tagab kasutatud ringlussev\u00f5etud materjalide t\u00e4ielikult sertifitseeritud tarneahela, r\u00f5hutades meie [&hellip;]<\/p>\n","protected":false},"featured_media":41102,"template":"","meta":{"_acf_changed":false},"product_brand":[],"product_cat":[606,605],"product_tag":[659],"class_list":{"0":"post-41074","1":"product","2":"type-product","3":"status-publish","4":"has-post-thumbnail","6":"product_cat-markmikud","7":"product_cat-markmikud-ja-mapid","8":"product_tag-more-colors","9":"pa_varv-beez","10":"pa_varv-must","11":"pa_varv-roheline","12":"pa_varv-sinine","14":"first","15":"instock","16":"taxable","17":"shipping-taxable","18":"purchasable","19":"product-type-variable","20":"has-default-attributes"},"acf":[],"_links":{"self":[{"href":"https:\/\/fifaa.ee\/en\/wp-json\/wp\/v2\/product\/41074","targetHints":{"allow":["GET"]}}],"collection":[{"href":"https:\/\/fifaa.ee\/en\/wp-json\/wp\/v2\/product"}],"about":[{"href":"https:\/\/fifaa.ee\/en\/wp-json\/wp\/v2\/types\/product"}],"wp:featuredmedia":[{"embeddable":true,"href":"https:\/\/fifaa.ee\/en\/wp-json\/wp\/v2\/media\/41102"}],"wp:attachment":[{"href":"https:\/\/fifaa.ee\/en\/wp-json\/wp\/v2\/media?parent=41074"}],"wp:term":[{"taxonomy":"product_brand","embeddable":true,"href":"https:\/\/fifaa.ee\/en\/wp-json\/wp\/v2\/product_brand?post=41074"},{"taxonomy":"product_cat","embeddable":true,"href":"https:\/\/fifaa.ee\/en\/wp-json\/wp\/v2\/product_cat?post=41074"},{"taxonomy":"product_tag","embeddable":true,"href":"https:\/\/fifaa.ee\/en\/wp-json\/wp\/v2\/product_tag?post=41074"}],"curies":[{"name":"wp","href":"https:\/\/api.w.org\/{rel}","templated":true}]}}