{"id":41075,"date":"2025-01-28T17:43:56","date_gmt":"2025-01-28T15:43:56","guid":{"rendered":"https:\/\/fifaa.ee\/?post_type=product&#038;p=41075"},"modified":"2026-04-01T20:58:31","modified_gmt":"2026-04-01T17:58:31","slug":"vinga-baltimore-rcs-uurija-seljakott","status":"publish","type":"product","link":"https:\/\/fifaa.ee\/en\/product\/vinga-baltimore-rcs-uurija-seljakott\/","title":{"rendered":"AWESOME Baltimore RCS explorer&#039;s backpack"},"content":{"rendered":"<p>The ultimate companion for your adventures. Made from partially RCS-certified recycled polyester. The exterior has a sleek PU finish and mesh shoulder straps and back support for maximum comfort. For convenience, the bag opens completely for easy access. Packed with smart features, it features a laptop compartment, two external pockets and a spacious mesh compartment to keep your gear organized. A sturdy top handle and carabiner for attaching smaller items. A smart strap on the back allows for easy attachment to a trolley bag. A side zipper provides convenient access to the main mesh compartment. It\u2019s the perfect backpack for both your daily commute and weekend adventures. RCS (Recycled Claim Standard) certified RCS certification ensures that the entire recycled content supply chain is certified. The total recycled content is based on the total weight of the product. This product contains 16% RCS-certified recycled polyester.<\/p>","protected":false},"excerpt":{"rendered":"<p>Teie seikluste \u00fclim kaaslane. Valmistatud osaliselt RCS-sertifikaadiga taaskasutatud pol\u00fcestrist. V\u00e4lispinnal on klanitud PU-viimistlus ning \u00f5larihmade ja seljaosa v\u00f5rktoed, mis tagavad maksimaalse mugavuse. Mugavuse huvides on kott h\u00f5lpsaks juurdep\u00e4\u00e4suks t\u00e4ielikult avatav. Mitme nutika funktsiooniga sellel on s\u00fclearvuti sahtel, kaks v\u00e4listaskut ja ruumikas v\u00f5rkosa, mis hoiavad teie varustust korras. Tugev \u00fclemine k\u00e4epide ja karabiin v\u00e4iksemate esemete kinnitamiseks. [&hellip;]<\/p>\n","protected":false},"featured_media":41117,"template":"","meta":{"_acf_changed":false},"product_brand":[],"product_cat":[232,573],"product_tag":[659],"class_list":{"0":"post-41075","1":"product","2":"type-product","3":"status-publish","4":"has-post-thumbnail","6":"product_cat-kotid","7":"product_cat-seljakott","8":"product_tag-more-colors","9":"pa_varv-must","10":"pa_varv-roheline","11":"pa_varv-sinine","13":"first","14":"instock","15":"taxable","16":"shipping-taxable","17":"purchasable","18":"product-type-variable","19":"has-default-attributes"},"acf":[],"_links":{"self":[{"href":"https:\/\/fifaa.ee\/en\/wp-json\/wp\/v2\/product\/41075","targetHints":{"allow":["GET"]}}],"collection":[{"href":"https:\/\/fifaa.ee\/en\/wp-json\/wp\/v2\/product"}],"about":[{"href":"https:\/\/fifaa.ee\/en\/wp-json\/wp\/v2\/types\/product"}],"wp:featuredmedia":[{"embeddable":true,"href":"https:\/\/fifaa.ee\/en\/wp-json\/wp\/v2\/media\/41117"}],"wp:attachment":[{"href":"https:\/\/fifaa.ee\/en\/wp-json\/wp\/v2\/media?parent=41075"}],"wp:term":[{"taxonomy":"product_brand","embeddable":true,"href":"https:\/\/fifaa.ee\/en\/wp-json\/wp\/v2\/product_brand?post=41075"},{"taxonomy":"product_cat","embeddable":true,"href":"https:\/\/fifaa.ee\/en\/wp-json\/wp\/v2\/product_cat?post=41075"},{"taxonomy":"product_tag","embeddable":true,"href":"https:\/\/fifaa.ee\/en\/wp-json\/wp\/v2\/product_tag?post=41075"}],"curies":[{"name":"wp","href":"https:\/\/api.w.org\/{rel}","templated":true}]}}