{"id":41112,"date":"2025-01-28T17:44:16","date_gmt":"2025-01-28T15:44:16","guid":{"rendered":"https:\/\/fifaa.ee\/?post_type=product&#038;p=41112"},"modified":"2026-04-01T20:58:54","modified_gmt":"2026-04-01T17:58:54","slug":"vinga-bosler-grs-taaskasutatud-louendist-16-tolline-sulearvutiumbris","status":"publish","type":"product","link":"https:\/\/fifaa.ee\/en\/product\/vinga-bosler-grs-taaskasutatud-louendist-16-tolline-sulearvutiumbris\/","title":{"rendered":"VINGA Bosler GRS recycled canvas 16\u2032 laptop sleeve"},"content":{"rendered":"<p>Keep your laptop safe with a classic and stylish sleeve from our Bosler range. Snap closure and padded for secure storage. Made from recycled canvas with PU details. Please note: screen dimensions may differ from laptop dimensions. GRS (Global Recycled Standard) certified GRS certification ensures that the entire recycled material supply chain is certified. Total recycled content is based on the total weight of the product. This product contains 38% GRS certified recycled cotton and 25% GRS recycled polyester.<\/p>","protected":false},"excerpt":{"rendered":"<p>Hoidke oma s\u00fclearvutit turvalisena meie Bosleri sarja klassikalise ja stiilse \u00fcmbrisega. Surunupuga suletav ja polsterdatud turvaliseks hoiustamiseks. Valmistatud taaskasutatud l\u00f5uendist PU detailidega. Pange t\u00e4hele: ekraani m\u00f5\u00f5tmed v\u00f5ivad s\u00fclearvuti m\u00f5\u00f5tmetest erineda. GRS-i (Global Recycled Standard) sertifitseeritud GRS-sertifikaat tagab, et kogu taaskasutatud materjalide tarneahel on sertifitseeritud. Taaskasutatud kogusisaldus p\u00f5hineb toote kogukaalul. See toode sisaldab 38% GRS-i sertifikaadiga [&hellip;]<\/p>\n","protected":false},"featured_media":41137,"template":"","meta":{"_acf_changed":false},"product_brand":[],"product_cat":[232,626],"product_tag":[659],"class_list":{"0":"post-41112","1":"product","2":"type-product","3":"status-publish","4":"has-post-thumbnail","6":"product_cat-kotid","7":"product_cat-sulearvutikott","8":"product_tag-more-colors","9":"pa_varv-beez","10":"pa_varv-must","11":"pa_varv-roheline","12":"pa_varv-sinine","14":"first","15":"instock","16":"taxable","17":"shipping-taxable","18":"purchasable","19":"product-type-variable","20":"has-default-attributes"},"acf":[],"_links":{"self":[{"href":"https:\/\/fifaa.ee\/en\/wp-json\/wp\/v2\/product\/41112","targetHints":{"allow":["GET"]}}],"collection":[{"href":"https:\/\/fifaa.ee\/en\/wp-json\/wp\/v2\/product"}],"about":[{"href":"https:\/\/fifaa.ee\/en\/wp-json\/wp\/v2\/types\/product"}],"wp:featuredmedia":[{"embeddable":true,"href":"https:\/\/fifaa.ee\/en\/wp-json\/wp\/v2\/media\/41137"}],"wp:attachment":[{"href":"https:\/\/fifaa.ee\/en\/wp-json\/wp\/v2\/media?parent=41112"}],"wp:term":[{"taxonomy":"product_brand","embeddable":true,"href":"https:\/\/fifaa.ee\/en\/wp-json\/wp\/v2\/product_brand?post=41112"},{"taxonomy":"product_cat","embeddable":true,"href":"https:\/\/fifaa.ee\/en\/wp-json\/wp\/v2\/product_cat?post=41112"},{"taxonomy":"product_tag","embeddable":true,"href":"https:\/\/fifaa.ee\/en\/wp-json\/wp\/v2\/product_tag?post=41112"}],"curies":[{"name":"wp","href":"https:\/\/api.w.org\/{rel}","templated":true}]}}