{"id":41113,"date":"2025-01-28T17:44:16","date_gmt":"2025-01-28T15:44:16","guid":{"rendered":"https:\/\/fifaa.ee\/?post_type=product&#038;p=41113"},"modified":"2026-04-01T20:59:18","modified_gmt":"2026-04-01T17:59:18","slug":"vinga-team-pu-rcs-rpet-16-sulearvuti-umbris","status":"publish","type":"product","link":"https:\/\/fifaa.ee\/en\/product\/vinga-team-pu-rcs-rpet-16-sulearvuti-umbris\/","title":{"rendered":"VINGA Timo PU RCS RPET 16\u2032 laptop sleeve"},"content":{"rendered":"<p>Discover the Timo laptop sleeve, where modern sophistication meets practicality. This elegant sleeve features a smart flap closure that doubles as an open mouse pad. Its detailed stitching adds a touch of sophistication. Please note: screen dimensions may differ from computer dimensions. RCS (Recycled Claim Standard) certified RCS certification ensures that the entire recycled material supply chain is certified. Total recycled content is based on the total weight of the product. This product contains 49% RCS certified recycled polyester.<\/p>","protected":false},"excerpt":{"rendered":"<p>Avastage Timo s\u00fclearvuti \u00fcmbris, kus moodne keerukus kohtub praktilisusega. Sellel elegantsel varrukal on nutikas klappsulgur, mis toimib avatud hiirematina. Selle detailne \u00f5mblus lisab rafineeritust. Pange t\u00e4hele: ekraani m\u00f5\u00f5tmed v\u00f5ivad arvuti m\u00f5\u00f5tmetest erineda. RCS-i (Recycled Claim Standard) sertifitseeritud RCS-sertifikaat tagab, et kogu taaskasutatud materjalide tarneahel on sertifitseeritud. Taaskasutatud kogusisaldus p\u00f5hineb toote kogukaalul. See toode sisaldab 49% [&hellip;]<\/p>\n","protected":false},"featured_media":41145,"template":"","meta":{"_acf_changed":false},"product_brand":[],"product_cat":[232,626],"product_tag":[659],"class_list":{"0":"post-41113","1":"product","2":"type-product","3":"status-publish","4":"has-post-thumbnail","6":"product_cat-kotid","7":"product_cat-sulearvutikott","8":"product_tag-more-colors","9":"pa_varv-must","10":"pa_varv-pruun","12":"first","13":"instock","14":"taxable","15":"shipping-taxable","16":"purchasable","17":"product-type-variable","18":"has-default-attributes"},"acf":[],"_links":{"self":[{"href":"https:\/\/fifaa.ee\/en\/wp-json\/wp\/v2\/product\/41113","targetHints":{"allow":["GET"]}}],"collection":[{"href":"https:\/\/fifaa.ee\/en\/wp-json\/wp\/v2\/product"}],"about":[{"href":"https:\/\/fifaa.ee\/en\/wp-json\/wp\/v2\/types\/product"}],"wp:featuredmedia":[{"embeddable":true,"href":"https:\/\/fifaa.ee\/en\/wp-json\/wp\/v2\/media\/41145"}],"wp:attachment":[{"href":"https:\/\/fifaa.ee\/en\/wp-json\/wp\/v2\/media?parent=41113"}],"wp:term":[{"taxonomy":"product_brand","embeddable":true,"href":"https:\/\/fifaa.ee\/en\/wp-json\/wp\/v2\/product_brand?post=41113"},{"taxonomy":"product_cat","embeddable":true,"href":"https:\/\/fifaa.ee\/en\/wp-json\/wp\/v2\/product_cat?post=41113"},{"taxonomy":"product_tag","embeddable":true,"href":"https:\/\/fifaa.ee\/en\/wp-json\/wp\/v2\/product_tag?post=41113"}],"curies":[{"name":"wp","href":"https:\/\/api.w.org\/{rel}","templated":true}]}}