{"id":41114,"date":"2025-01-28T17:44:16","date_gmt":"2025-01-28T15:44:16","guid":{"rendered":"https:\/\/fifaa.ee\/?post_type=product&#038;p=41114"},"modified":"2026-04-01T20:59:18","modified_gmt":"2026-04-01T17:59:18","slug":"vinga-marlow-rcs-taaskasutatud-poluester-16-sulearvuti-umbris","status":"publish","type":"product","link":"https:\/\/fifaa.ee\/en\/product\/vinga-marlow-rcs-taaskasutatud-poluester-16-sulearvuti-umbris\/","title":{"rendered":"VINGA Marlow RCS recycled polyester 16\u2032 laptop sleeve"},"content":{"rendered":"<p>Protect your laptop in style with this elegant padded sleeve. Extra long zipper for easy access. Convenient pocket inside for smaller items. Please note: screen dimensions may differ from laptop dimensions. The Marlow range is made from recycled faux suede leather with PU details and a recycled polyester lining. Finished with elegant silver hardware. RCS (Recycled Claim Standard) certified RSC certification ensures that the entire recycled content supply chain is certified. Total recycled content is based on the total weight of the product. This product contains 49% RCS certified recycled polyester and 3% RCS certified recycled polyurethane<\/p>","protected":false},"excerpt":{"rendered":"<p>Kaitske oma s\u00fclearvuti stiilselt selle elegantse polsterdatud \u00fcmbrisega. Lihtsaks juurdep\u00e4\u00e4suks on eriti pikk t\u00f5mblukk. Sees mugav tasku v\u00e4iksemate asjade jaoks. Pange t\u00e4hele: ekraani m\u00f5\u00f5tmed v\u00f5ivad s\u00fclearvuti m\u00f5\u00f5tmetest erineda. Marlow sari on valmistatud taaskasutatud kunstseemisnahast, PU detailidega ja voodriga taaskasutatud pol\u00fcestrist. Viimistletud elegantse h\u00f5bedase riistvaraga. RCS (Recycled Claim Standard) sertifitseeritud RSC sertifikaat tagab, et kogu taaskasutatud [&hellip;]<\/p>\n","protected":false},"featured_media":41149,"template":"","meta":{"_acf_changed":false},"product_brand":[],"product_cat":[232,626],"product_tag":[659],"class_list":{"0":"post-41114","1":"product","2":"type-product","3":"status-publish","4":"has-post-thumbnail","6":"product_cat-kotid","7":"product_cat-sulearvutikott","8":"product_tag-more-colors","9":"pa_varv-must","10":"pa_varv-roheline","12":"first","13":"instock","14":"taxable","15":"shipping-taxable","16":"purchasable","17":"product-type-variable","18":"has-default-attributes"},"acf":[],"_links":{"self":[{"href":"https:\/\/fifaa.ee\/en\/wp-json\/wp\/v2\/product\/41114","targetHints":{"allow":["GET"]}}],"collection":[{"href":"https:\/\/fifaa.ee\/en\/wp-json\/wp\/v2\/product"}],"about":[{"href":"https:\/\/fifaa.ee\/en\/wp-json\/wp\/v2\/types\/product"}],"wp:featuredmedia":[{"embeddable":true,"href":"https:\/\/fifaa.ee\/en\/wp-json\/wp\/v2\/media\/41149"}],"wp:attachment":[{"href":"https:\/\/fifaa.ee\/en\/wp-json\/wp\/v2\/media?parent=41114"}],"wp:term":[{"taxonomy":"product_brand","embeddable":true,"href":"https:\/\/fifaa.ee\/en\/wp-json\/wp\/v2\/product_brand?post=41114"},{"taxonomy":"product_cat","embeddable":true,"href":"https:\/\/fifaa.ee\/en\/wp-json\/wp\/v2\/product_cat?post=41114"},{"taxonomy":"product_tag","embeddable":true,"href":"https:\/\/fifaa.ee\/en\/wp-json\/wp\/v2\/product_tag?post=41114"}],"curies":[{"name":"wp","href":"https:\/\/api.w.org\/{rel}","templated":true}]}}