{"id":41150,"date":"2025-01-28T17:44:43","date_gmt":"2025-01-28T15:44:43","guid":{"rendered":"https:\/\/fifaa.ee\/?post_type=product&#038;p=41150"},"modified":"2026-04-01T21:00:09","modified_gmt":"2026-04-01T18:00:09","slug":"vinga-albon-grs-taaskasutatud-vildist-17-tolline-sulearvutiumbris","status":"publish","type":"product","link":"https:\/\/fifaa.ee\/en\/product\/vinga-albon-grs-taaskasutatud-vildist-17-tolline-sulearvutiumbris\/","title":{"rendered":"VINGA Albon GRS recycled felt 17\u2032 laptop sleeve"},"content":{"rendered":"<p>The laptop sleeve is designed with an elegant and clean aesthetic, using GRS recycled felt with a m\u00e9lange effect. This sleeve effectively protects your computer from impacts and moisture. It has a PU flap for easy access and adds elegance. The internal dimensions of this case are 38.5\u00d72.5\u00d727.5 cm, making it suitable for computers with an overall size of 17 inches. Please note that the dimensions of the display are not the same as the dimensions of the entire computer. GRS certification by GRS (Global Recycled Standard) ensures that the entire recycled material supply chain is certified. The total recycled content is based on the total weight of the product. This product contains 82% recycled GRS felt. Suitable for computers with an overall size of 17 inches. Please note that the dimensions of the display are not the same as the dimensions of the entire computer.<\/p>","protected":false},"excerpt":{"rendered":"<p>S\u00fclearvuti \u00fcmbris on kujundatud elegantse ja puhta esteetikaga, kasutades GRS-i taaskasutatud vildist, millel on m\u00e9lange efekt. See \u00fcmbris kaitseb teie arvutit t\u00f5husalt l\u00f6\u00f6kide ja niiskuse eest. Sellel on PU-klapp, mis tagab lihtsa juurdep\u00e4\u00e4su ja lisab elegantsi. Selle korpuse sisem\u00f5\u00f5tmed on 38,5&#215;2,5&#215;27,5 cm, mist\u00f5ttu sobib see arvutitele, mille \u00fcldm\u00f5\u00f5t on 17 tolli. Pange t\u00e4hele, et kuvari [&hellip;]<\/p>\n","protected":false},"featured_media":41166,"template":"","meta":{"_acf_changed":false},"product_brand":[],"product_cat":[232,626],"product_tag":[659],"class_list":{"0":"post-41150","1":"product","2":"type-product","3":"status-publish","4":"has-post-thumbnail","6":"product_cat-kotid","7":"product_cat-sulearvutikott","8":"product_tag-more-colors","9":"pa_varv-hall","10":"pa_varv-must","12":"first","13":"instock","14":"taxable","15":"shipping-taxable","16":"purchasable","17":"product-type-variable","18":"has-default-attributes"},"acf":[],"_links":{"self":[{"href":"https:\/\/fifaa.ee\/en\/wp-json\/wp\/v2\/product\/41150","targetHints":{"allow":["GET"]}}],"collection":[{"href":"https:\/\/fifaa.ee\/en\/wp-json\/wp\/v2\/product"}],"about":[{"href":"https:\/\/fifaa.ee\/en\/wp-json\/wp\/v2\/types\/product"}],"wp:featuredmedia":[{"embeddable":true,"href":"https:\/\/fifaa.ee\/en\/wp-json\/wp\/v2\/media\/41166"}],"wp:attachment":[{"href":"https:\/\/fifaa.ee\/en\/wp-json\/wp\/v2\/media?parent=41150"}],"wp:term":[{"taxonomy":"product_brand","embeddable":true,"href":"https:\/\/fifaa.ee\/en\/wp-json\/wp\/v2\/product_brand?post=41150"},{"taxonomy":"product_cat","embeddable":true,"href":"https:\/\/fifaa.ee\/en\/wp-json\/wp\/v2\/product_cat?post=41150"},{"taxonomy":"product_tag","embeddable":true,"href":"https:\/\/fifaa.ee\/en\/wp-json\/wp\/v2\/product_tag?post=41150"}],"curies":[{"name":"wp","href":"https:\/\/api.w.org\/{rel}","templated":true}]}}